{"id":234,"date":"2019-11-04T21:19:52","date_gmt":"2019-11-04T21:19:52","guid":{"rendered":"https:\/\/lifeworks.global\/?page_id=234"},"modified":"2019-11-06T20:48:45","modified_gmt":"2019-11-06T20:48:45","slug":"terms-conditions","status":"publish","type":"page","link":"https:\/\/remotetraining.lifeworks.global\/es\/terms-conditions\/","title":{"rendered":"T\u00c9RMINOS Y CONDICIONES"},"content":{"rendered":"<p><strong>Introducci\u00f3n<\/strong><\/p>\n<p>Estos t\u00e9rminos y condiciones rigen el uso de nuestro sitio web. Al utilizar nuestro sitio web, usted acepta estos t\u00e9rminos y condiciones en su totalidad. Si no est\u00e1 de acuerdo con alguna parte de estos t\u00e9rminos y condiciones, no utilice nuestro sitio web.<\/p>\n<p><strong>Derechos de propiedad intelectual<\/strong><\/p>\n<p>A menos que se indique lo contrario, nosotros o nuestros licenciantes poseemos los derechos de propiedad intelectual del sitio web y del material que contiene. Sujetos a la licencia que se indica a continuaci\u00f3n, todos nuestros derechos de propiedad intelectual est\u00e1n reservados.<\/p>\n<p><strong>Licencia para utilizar el sitio web<\/strong><\/p>\n<p>Puede ver, descargar solo con fines de almacenamiento en cach\u00e9 e imprimir p\u00e1ginas del sitio web, siempre que:<\/p>\n<p>(a) no debe volver a publicar material de este sitio web (incluida la republicaci\u00f3n en otro sitio web), ni reproducir o almacenar material de este sitio web en ning\u00fan sistema de recuperaci\u00f3n electr\u00f3nica p\u00fablico o privado;<\/p>\n<p>(b) no debe reproducir, duplicar, copiar, vender, revender, visitar o explotar de otro modo nuestro sitio web o material en nuestro sitio web para un prop\u00f3sito comercial, sin nuestro consentimiento expreso por escrito;<\/p>\n<p>(c) no debe editar ni modificar de ning\u00fan modo ning\u00fan material del sitio web.<\/p>\n<p><strong>Limitaciones de responsabilidad<\/strong><\/p>\n<p>La informaci\u00f3n contenida en este sitio web se proporciona de forma gratuita y usted reconoce que ser\u00eda irrazonable responsabilizarnos con respecto a este sitio web y la informaci\u00f3n que contiene.<\/p>\n<p>Si bien nos esforzamos por garantizar que la informaci\u00f3n de este sitio web sea correcta, no garantizamos su integridad o precisi\u00f3n; tampoco nos comprometemos a garantizar que el sitio web permanezca disponible o que el material de este sitio web se mantenga actualizado.<\/p>\n<p>En la medida m\u00e1xima permitida por la ley aplicable, excluimos todas las representaciones, garant\u00edas y condiciones (incluidas, sin limitaci\u00f3n, las condiciones impl\u00edcitas por ley de calidad satisfactoria, idoneidad para el prop\u00f3sito y el uso de cuidado y habilidad razonables).<\/p>\n<p>Nuestra responsabilidad est\u00e1 limitada y excluida en la medida m\u00e1xima permitida por la ley aplicable. No seremos responsables de ninguna p\u00e9rdida o da\u00f1o directo, indirecto o consecuente que surja de estos t\u00e9rminos y condiciones o en relaci\u00f3n con nuestro sitio web, ya sea que surja de agravio, contrato o de otro modo, incluida, entre otras, cualquier p\u00e9rdida de ganancias, contratos, negocios, fondo de comercio, datos, ingresos, ganancias o ahorros previstos.<\/p>\n<p>Sin embargo, nada de estos t\u00e9rminos y condiciones excluir\u00e1 o limitar\u00e1 nuestra responsabilidad por fraude, muerte o lesiones personales causadas por nuestra negligencia, o por cualquier otra responsabilidad que no pueda excluirse o limitarse seg\u00fan la ley aplicable.<\/p>\n<p><strong>Acceso restringido<\/strong><\/p>\n<p>El acceso a determinadas \u00e1reas de nuestro sitio web est\u00e1 restringido. Nos reservamos el derecho de restringir el acceso a determinadas \u00e1reas de nuestro sitio web, o incluso a todo nuestro sitio web, a nuestra discreci\u00f3n.<\/p>\n<p>Si le proporcionamos un ID de usuario y una contrase\u00f1a para permitirle acceder a \u00e1reas restringidas de nuestro sitio web u otro contenido o servicios, debe asegurarse de que dicho ID de usuario y contrase\u00f1a se mantengan confidenciales.<\/p>\n<p>Usted acepta la responsabilidad por todas las actividades que ocurran bajo su nombre de usuario o contrase\u00f1a. Podemos desactivar su nombre de usuario y contrase\u00f1a a nuestra entera discreci\u00f3n.<\/p>\n<p><strong>Variaci\u00f3n<\/strong><\/p>\n<p>Es posible que revisemos estos t\u00e9rminos y condiciones peri\u00f3dicamente. Revise esta p\u00e1gina peri\u00f3dicamente para asegurarse de estar familiarizado con la versi\u00f3n actual.<\/p>\n<p><strong>Acuerdo completo<\/strong><\/p>\n<p>Estos t\u00e9rminos y condiciones, junto con nuestra pol\u00edtica de privacidad, constituyen el acuerdo completo entre usted y nosotros en relaci\u00f3n con su uso de nuestro sitio web, y reemplazan todos los acuerdos anteriores con respecto a su uso de este sitio web.<\/p>\n<p><strong>Ley y jurisdicci\u00f3n<\/strong><\/p>\n<p>Este aviso se regir\u00e1 e interpretar\u00e1 de conformidad con la legislaci\u00f3n inglesa, y cualquier disputa relacionada con este aviso estar\u00e1 sujeta a la jurisdicci\u00f3n exclusiva de los tribunales de Inglaterra.<\/p>","protected":false},"excerpt":{"rendered":"<p>Introducci\u00f3n Estos t\u00e9rminos y condiciones rigen el uso de nuestro sitio web; al usarlo, usted acepta estos t\u00e9rminos y condiciones en su totalidad. Si no est\u00e1 de acuerdo con alguna parte de estos t\u00e9rminos y condiciones, no utilice nuestro sitio web. Derechos de propiedad intelectual. Salvo que se indique lo contrario, nosotros o nuestros licenciantes poseemos los derechos de propiedad intelectual de [\u2026]<\/p>","protected":false},"author":1,"featured_media":0,"parent":0,"menu_order":0,"comment_status":"closed","ping_status":"open","template":"page-templates\/full-width.php","meta":{"_et_pb_use_builder":"","_et_pb_old_content":"","_et_gb_content_width":"","footnotes":""},"_links":{"self":[{"href":"https:\/\/remotetraining.lifeworks.global\/es\/wp-json\/wp\/v2\/pages\/234"}],"collection":[{"href":"https:\/\/remotetraining.lifeworks.global\/es\/wp-json\/wp\/v2\/pages"}],"about":[{"href":"https:\/\/remotetraining.lifeworks.global\/es\/wp-json\/wp\/v2\/types\/page"}],"author":[{"embeddable":true,"href":"https:\/\/remotetraining.lifeworks.global\/es\/wp-json\/wp\/v2\/users\/1"}],"replies":[{"embeddable":true,"href":"https:\/\/remotetraining.lifeworks.global\/es\/wp-json\/wp\/v2\/comments?post=234"}],"version-history":[{"count":0,"href":"https:\/\/remotetraining.lifeworks.global\/es\/wp-json\/wp\/v2\/pages\/234\/revisions"}],"wp:attachment":[{"href":"https:\/\/remotetraining.lifeworks.global\/es\/wp-json\/wp\/v2\/media?parent=234"}],"curies":[{"name":"wp","href":"https:\/\/api.w.org\/{rel}","templated":true}]}}