{"id":3180,"date":"2023-10-24T09:24:58","date_gmt":"2023-10-24T09:24:58","guid":{"rendered":"https:\/\/lifeworks.global\/?page_id=3180"},"modified":"2023-12-26T17:44:19","modified_gmt":"2023-12-26T17:44:19","slug":"training-what-is-molasses","status":"publish","type":"page","link":"https:\/\/remotetraining.lifeworks.global\/es\/training-what-is-molasses\/","title":{"rendered":"Melaza 2 \u2013 \u00bfQu\u00e9 es la melaza?"},"content":{"rendered":"<p>[et_pb_section fb_built=\u201d1\u2033 _builder_version=\u201d4.14.7\u2033 _module_preset=\u201ddefault\u201d background_color=\u201d#f8f7f5\u2033 custom_padding=\u201d0px||0px|||\u201d Informaci\u00f3n global de colores = &quot;{}&quot;][et_pb_row _builder_version = &quot;4.14.7&quot; _module_preset = &quot;predeterminado&quot; ancho = &quot;90vw&quot; ancho m\u00e1ximo = &quot;2560px&quot; altura m\u00ednima = &quot;100px&quot; relleno personalizado = &quot;45px||0px||false|false&quot; Informaci\u00f3n global de colores = &quot;{}&quot;][et_pb_column type = &quot;4_4&quot; _builder_version = &quot;4.8.0&quot; _module_preset = &quot;predeterminado&quot; Informaci\u00f3n global de colores = &quot;{}&quot;][et_pb_text admin_label = &quot;Texto&quot; clase de m\u00f3dulo = &quot;formaci\u00f3n-marca&quot; _builder_version = &quot;4.14.7&quot; _module_preset = &quot;predeterminado&quot; Informaci\u00f3n global de colores = &quot;{}&quot;]<\/p>\n<h4 style=\"text-align: right;\"><strong>Capacitaci\u00f3n remota global de Lifeworks<\/strong><\/h4>\n<p>[\/et_pb_text][et_pb_text _builder_version=\u201d4.14.7\u2033 _module_preset=\u201ddefault\u201d global_colors_info=\u201d{}\u201d]<\/p>\n<h1>\u00bfQu\u00e9 es la melaza?<\/h1>\n<div class=\"mceTemp\"><\/div>\n<div id=\"attachment_5334\" style=\"width: 410px\" class=\"wp-caption alignleft\"><img fetchpriority=\"high\" decoding=\"async\" aria-describedby=\"caption-attachment-5334\" class=\"wp-image-5334\" src=\"https:\/\/remotetraining.lifeworks.global\/wp-content\/uploads\/2023\/12\/cutting-cane.png\" alt=\"\" width=\"400\" height=\"400\" \/><p id=\"caption-attachment-5334\" class=\"wp-caption-text\">cortando ca\u00f1a de az\u00facar<\/p><\/div>\n<p><div id=\"attachment_5333\" style=\"width: 410px\" class=\"wp-caption alignright\"><img decoding=\"async\" aria-describedby=\"caption-attachment-5333\" class=\"wp-image-5333\" src=\"https:\/\/remotetraining.lifeworks.global\/wp-content\/uploads\/2023\/12\/extracting-the-juice.png\" alt=\"\" width=\"400\" height=\"400\" \/><p id=\"caption-attachment-5333\" class=\"wp-caption-text\">extrayendo el jugo<\/p><\/div>[\/et_pb_text][\/et_pb_column][\/et_pb_row][\/et_pb_section][et_pb_section fb_built=\u201d1\u2033 _builder_version=\u201d4.14.7\u2033 _module_preset=\u201ddefault\u201d global_colors_info=\u201d{}\u201d][et_pb_row estructura_columna=\u201d1_3,1_3,1_3\u2033 clase_m\u00f3dulo=\u201dBotonesDeL\u00ednea\u201d _builder_version=\u201d4.14.7\u2033 _module_preset=\u201ddefault\u201d global_colors_info=\u201d{}\u201d][et_pb_column tipo=\u201d1_3\u2033 _builder_version=\u201d4.14.7\u2033 _module_preset=\u201ddefault\u201d global_colors_info=\u201d{}\u201d][et_pb_button URL del bot\u00f3n = &quot;https:\/\/remotetraining.lifeworks.global\/capacitaci\u00f3n-sabes-qu\u00e9-es-la-melaza&quot; Texto del bot\u00f3n = &quot;Atr\u00e1s&quot; Versi\u00f3n del constructor = &quot;4.14.7&quot; Ajuste preestablecido del m\u00f3dulo = &quot;3ffee87b-a732-4d5b-8b60-137d4760d306&quot; Informaci\u00f3n global de colores = &quot;{}&quot;][\/et_pb_button][\/et_pb_column][et_pb_column tipo = &quot;1_3&quot; Versi\u00f3n del constructor = &quot;4.14.7&quot; Ajuste preestablecido del m\u00f3dulo = &quot;predeterminado&quot; Informaci\u00f3n global de colores = &quot;{}&quot;][\/et_pb_column][et_pb_column tipo = &quot;1_3&quot; Versi\u00f3n del constructor = &quot;4.14.7&quot; _module_preset=\u201dpredeterminado\u201d global_colors_info=\u201d{}\u201d][et_pb_button button_url=\u201dhttps:\/\/remotetraining.lifeworks.global\/molasses-3-do-you-have-molasses\/\u201d button_text=\u201dSiguiente\u201d button_alignment=\u201dcentrar\u201d module_class=\u201dbloque\u201d _builder_version=\u201d4.14.7\u2033 _module_preset=\u201dpredeterminado\u201d global_colors_info=\u201d{}\u201d][\/et_pb_button][\/et_pb_column][\/et_pb_row][\/et_pb_section]<\/p>","protected":false},"excerpt":{"rendered":"<p>Capacitaci\u00f3n remota global de Lifeworks\u00bfQu\u00e9 es la melaza?<\/p>","protected":false},"author":1,"featured_media":0,"parent":0,"menu_order":0,"comment_status":"closed","ping_status":"closed","template":"","meta":{"_et_pb_use_builder":"on","_et_pb_old_content":"","_et_gb_content_width":"","footnotes":""},"_links":{"self":[{"href":"https:\/\/remotetraining.lifeworks.global\/es\/wp-json\/wp\/v2\/pages\/3180"}],"collection":[{"href":"https:\/\/remotetraining.lifeworks.global\/es\/wp-json\/wp\/v2\/pages"}],"about":[{"href":"https:\/\/remotetraining.lifeworks.global\/es\/wp-json\/wp\/v2\/types\/page"}],"author":[{"embeddable":true,"href":"https:\/\/remotetraining.lifeworks.global\/es\/wp-json\/wp\/v2\/users\/1"}],"replies":[{"embeddable":true,"href":"https:\/\/remotetraining.lifeworks.global\/es\/wp-json\/wp\/v2\/comments?post=3180"}],"version-history":[{"count":19,"href":"https:\/\/remotetraining.lifeworks.global\/es\/wp-json\/wp\/v2\/pages\/3180\/revisions"}],"predecessor-version":[{"id":5338,"href":"https:\/\/remotetraining.lifeworks.global\/es\/wp-json\/wp\/v2\/pages\/3180\/revisions\/5338"}],"wp:attachment":[{"href":"https:\/\/remotetraining.lifeworks.global\/es\/wp-json\/wp\/v2\/media?parent=3180"}],"curies":[{"name":"wp","href":"https:\/\/api.w.org\/{rel}","templated":true}]}}