{"id":3254,"date":"2023-10-24T11:21:32","date_gmt":"2023-10-24T11:21:32","guid":{"rendered":"https:\/\/lifeworks.global\/?page_id=3254"},"modified":"2023-12-29T11:46:06","modified_gmt":"2023-12-29T11:46:06","slug":"milk-5-how-to-use-it","status":"publish","type":"page","link":"https:\/\/remotetraining.lifeworks.global\/es\/milk-5-how-to-use-it\/","title":{"rendered":"Leche 5 \u2013 c\u00f3mo usarla"},"content":{"rendered":"<p>[et_pb_section fb_built=\u201d1\u2033 _builder_version=\u201d4.14.7\u2033 _module_preset=\u201ddefault\u201d background_color=\u201d#f8f7f5\u2033 custom_padding=\u201d0px||0px|||\u201d global_colors_info=\u201d{}\u201d][et_pb_row _builder_version=\u201d4.14.7\u2033 _module_preset=\u201ddefault\u201d width=\u201d90vw\u201d max_width=\u201d2560px\u201d min_height=\u201d100px\u201d custom_padding=\u201d45px||0px||false|false\u201d global_colors_info =\u201d{}\u201d][et_pb_column type=\u201d4_4\u2033 _builder_version=\u201d4.8.0\u2033 _module_preset=\u201ddefault\u201d global_colors_info=\u201d{}\u201d][et_pb_text module_class=\u201dtraining-branding\u201d _builder_version=\u201d4.14.7\u2033 _module_preset= &quot;predeterminado&quot; global_colors_info = &quot;{}&quot;]<\/p>\n<h4 style=\"text-align: right;\"><strong>Capacitaci\u00f3n remota global de Lifeworks<\/strong><\/h4>\n<p>[\/et_pb_text][et_pb_text _builder_version=\u201d4.14.7\u2033 _module_preset=\u201ddefault\u201d hover_enabled=\u201d0\u2033 global_colors_info=\u201d{}\u201d sticky_enabled=\u201d0\u2033]<\/p>\n<h2>Biofertilizante l\u00e1cteo: c\u00f3mo utilizarlo<\/h2>\n<p>&nbsp;<\/p>\n<p> [\/et_pb_text][\/et_pb_column][\/et_pb_row][\/et_pb_section][et_pb_section fb_built=\u201d1\u2033 _builder_version=\u201d4.14.7\u2033 _module_preset=\u201ddefault\u201d global_colors_info=\u201d{}\u201d][et_pb_row estructura_columna=\u201d1_3,1_3,1_3\u2033 clase_m\u00f3dulo=\u201dBotonesDeL\u00ednea\u201d _builder_version=\u201d4.14.7\u2033 _module_preset=\u201ddefault\u201d global_colors_info=\u201d{}\u201d][et_pb_column tipo=\u201d1_3\u2033 _builder_version=\u201d4.14.7\u2033 _module_preset=\u201ddefault\u201d global_colors_info=\u201d{}\u201d][et_pb_button URL del bot\u00f3n = &quot;https:\/\/remotetraining.lifeworks.global\/fish-6-how-to-use-it\/&quot; Texto del bot\u00f3n = &quot;Atr\u00e1s&quot; Versi\u00f3n del constructor = &quot;4.14.7&quot; Ajuste preestablecido del m\u00f3dulo = &quot;3ffee87b-a732-4d5b-8b60-137d4760d306&quot; Informaci\u00f3n global de colores = &quot;{}&quot;][\/et_pb_button][\/et_pb_column][et_pb_column tipo = &quot;1_3&quot; Versi\u00f3n del constructor = &quot;4.14.7&quot; Ajuste preestablecido del m\u00f3dulo = &quot;predeterminado&quot; Informaci\u00f3n global de colores = &quot;{}&quot;][\/et_pb_column][et_pb_column tipo = &quot;1_3&quot; Versi\u00f3n del constructor = &quot;4.14.7&quot; Ajuste preestablecido del m\u00f3dulo = &quot;predeterminado&quot; Informaci\u00f3n global de colores = &quot;{}&quot;][et_pb_button URL del bot\u00f3n = &quot;https:\/\/remotetraining.lifeworks.global\/\u00bfSabe d\u00f3nde encontrar sus descargas?\/&quot; Texto del bot\u00f3n = &quot;Siguiente&quot; Alineaci\u00f3n del bot\u00f3n = &quot;derecha&quot; Clase del m\u00f3dulo = &quot;bloque&quot; Versi\u00f3n del constructor = &quot;4.14.7&quot; Preajuste del m\u00f3dulo = &quot;predeterminado&quot; Informaci\u00f3n global de colores = &quot;{}&quot;][\/et_pb_button][\/et_pb_column][\/et_pb_row][\/et_pb_section]<\/p>","protected":false},"excerpt":{"rendered":"<p>Capacitaci\u00f3n remota global de Lifeworks: Biofertilizante l\u00e1cteo: C\u00f3mo usarlo &nbsp;  <\/p>","protected":false},"author":1,"featured_media":0,"parent":0,"menu_order":0,"comment_status":"closed","ping_status":"closed","template":"","meta":{"_et_pb_use_builder":"on","_et_pb_old_content":"","_et_gb_content_width":"","footnotes":""},"_links":{"self":[{"href":"https:\/\/remotetraining.lifeworks.global\/es\/wp-json\/wp\/v2\/pages\/3254"}],"collection":[{"href":"https:\/\/remotetraining.lifeworks.global\/es\/wp-json\/wp\/v2\/pages"}],"about":[{"href":"https:\/\/remotetraining.lifeworks.global\/es\/wp-json\/wp\/v2\/types\/page"}],"author":[{"embeddable":true,"href":"https:\/\/remotetraining.lifeworks.global\/es\/wp-json\/wp\/v2\/users\/1"}],"replies":[{"embeddable":true,"href":"https:\/\/remotetraining.lifeworks.global\/es\/wp-json\/wp\/v2\/comments?post=3254"}],"version-history":[{"count":22,"href":"https:\/\/remotetraining.lifeworks.global\/es\/wp-json\/wp\/v2\/pages\/3254\/revisions"}],"predecessor-version":[{"id":5535,"href":"https:\/\/remotetraining.lifeworks.global\/es\/wp-json\/wp\/v2\/pages\/3254\/revisions\/5535"}],"wp:attachment":[{"href":"https:\/\/remotetraining.lifeworks.global\/es\/wp-json\/wp\/v2\/media?parent=3254"}],"curies":[{"name":"wp","href":"https:\/\/api.w.org\/{rel}","templated":true}]}}