{"id":3304,"date":"2023-10-24T14:42:57","date_gmt":"2023-10-24T14:42:57","guid":{"rendered":"https:\/\/lifeworks.global\/?page_id=3304"},"modified":"2023-11-28T08:37:16","modified_gmt":"2023-11-28T08:37:16","slug":"molasses-3-do-you-have-molasses","status":"publish","type":"page","link":"https:\/\/remotetraining.lifeworks.global\/es\/molasses-3-do-you-have-molasses\/","title":{"rendered":"Melaza 3 \u2013 \u00bfTienes melaza?"},"content":{"rendered":"<p>[et_pb_section fb_built=\u201d1\u2033 module_class=\u201dsecci\u00f3n-de-entrenamiento\u201d _builder_version=\u201d4.14.7\u2033 _module_preset=\u201dpredeterminado\u201d background_color=\u201d#f8f7f5\u2033 custom_padding=\u201d0px||0px|||\u201d global_colors_info=\u201d{}\u201d][et_pb_row _builder_version=\u201d4.14.7\u2033 _module_preset=\u201dpredeterminado\u201d ancho=\u201d90vw\u201d ancho_m\u00e1ximo=\u201d2560px\u201d altura_m\u00ednima=\u201d100px\u201d relleno_personalizado=\u201d45px||0px||falso|falso\u201d global_colors_info=\u201d{}\u201d][et_pb_column type=\u201d4_4\u2033 _builder_version=\u201d4.8.0\u2033 _module_preset=\u201dpredeterminado\u201d global_colors_info=\u201d{}\u201d][et_pb_text admin_label=\u201dTexto\u201d _builder_version=\u201d4.14.7\u2033 _module_preset=\u201dpredeterminado\u201d hover_enabled=\u201d0\u2033 global_colors_info=\u201d{}\u201d m\u00f3dulo_clase=\u201dcapacitaci\u00f3n-marca\u201d sticky_enabled=\u201d0\u2033]<\/p>\n<h4 style=\"text-align: right;\"><strong>Capacitaci\u00f3n remota global de Lifeworks<\/strong><\/h4>\n<p>[\/et_pb_text][et_pb_text _builder_version=\u201d4.14.7\u2033 _module_preset=\u201ddefault\u201d global_colors_info=\u201d{}\u201d]<\/p>\n<h1>\u00a0<\/h1>\n<h1>\u00bfTienes melaza?<\/h1>\n<p>[\/et_pb_text][\/et_pb_column][\/et_pb_row][\/et_pb_section][et_pb_section fb_built=\u201d1\u2033 _builder_version=\u201d4.14.7\u2033 _module_preset=\u201ddefault\u201d global_colors_info=\u201d{}\u201d][et_pb_row estructura_columna=\u201d1_3,1_3,1_3\u2033 clase_m\u00f3dulo=\u201dBotonesDeL\u00ednea\u201d _builder_version=\u201d4.14.7\u2033 _module_preset=\u201ddefault\u201d global_colors_info=\u201d{}\u201d][et_pb_column tipo=\u201d1_3\u2033 _builder_version=\u201d4.14.7\u2033 _module_preset=\u201ddefault\u201d global_colors_info=\u201d{}\u201d][et_pb_button URL del bot\u00f3n = &quot;https:\/\/remotetraining.lifeworks.global\/capacitaci\u00f3n-sabes-qu\u00e9-es-la-melaza&quot; Texto del bot\u00f3n = &quot;Atr\u00e1s&quot; Versi\u00f3n del generador = &quot;4.14.7&quot; Ajuste preestablecido del m\u00f3dulo = &quot;3ffee87b-a732-4d5b-8b60-137d4760d306&quot; Informaci\u00f3n global de colores = &quot;{}&quot;][\/et_pb_button][\/et_pb_column][et_pb_column type = &quot;1_3&quot; Versi\u00f3n del generador = &quot;4.14.7&quot; Ajuste preestablecido del m\u00f3dulo = &quot;predeterminado&quot; Informaci\u00f3n global de colores = &quot;{}&quot;][et_pb_button URL del bot\u00f3n = &quot;https:\/\/remotetraining.lifeworks.global\/melaza-4-alternativa-al-az\u00facar-moreno\/&quot; Texto del bot\u00f3n = \u201cNo\u201d Alineaci\u00f3n del bot\u00f3n = \u201cderecha\u201d Clase del m\u00f3dulo = \u201cbloque\u201d Versi\u00f3n del constructor = \u201c4.14.7\u2033 Ajuste preestablecido del m\u00f3dulo = \u201cpredeterminado\u201d Informaci\u00f3n global de colores = \u201c{}\u201d][\/et_pb_button][\/et_pb_column][et_pb_column type = \u201c1_3\u2033 Versi\u00f3n del constructor = \u201c4.14.7\u2033 Ajuste preestablecido del m\u00f3dulo = \u201cpredeterminado\u201d Informaci\u00f3n global de colores = \u201c{}\u201d][et_pb_button URL del bot\u00f3n = \u201chttps:\/\/remotetraining.lifeworks.global\/fish-4-how-to-make-it\/\u201d Texto del bot\u00f3n = \u201cS\u00ed\u201d Alineaci\u00f3n del bot\u00f3n = \u201ccentro\u201d Clase del m\u00f3dulo = \u201cbloque\u201d Versi\u00f3n del constructor = \u201c4.14.7\u2033 Ajuste preestablecido del m\u00f3dulo = \u201cpredeterminado\u201d informaci\u00f3n_de_colores_globales=\u201d{}\u201d][\/et_pb_button][\/et_pb_column][\/et_pb_row][\/et_pb_section]<\/p>","protected":false},"excerpt":{"rendered":"<p>Capacitaci\u00f3n remota global de Lifeworks \u00bfTienes melaza?<\/p>","protected":false},"author":1,"featured_media":0,"parent":0,"menu_order":0,"comment_status":"closed","ping_status":"closed","template":"","meta":{"_et_pb_use_builder":"on","_et_pb_old_content":"","_et_gb_content_width":"","footnotes":""},"_links":{"self":[{"href":"https:\/\/remotetraining.lifeworks.global\/es\/wp-json\/wp\/v2\/pages\/3304"}],"collection":[{"href":"https:\/\/remotetraining.lifeworks.global\/es\/wp-json\/wp\/v2\/pages"}],"about":[{"href":"https:\/\/remotetraining.lifeworks.global\/es\/wp-json\/wp\/v2\/types\/page"}],"author":[{"embeddable":true,"href":"https:\/\/remotetraining.lifeworks.global\/es\/wp-json\/wp\/v2\/users\/1"}],"replies":[{"embeddable":true,"href":"https:\/\/remotetraining.lifeworks.global\/es\/wp-json\/wp\/v2\/comments?post=3304"}],"version-history":[{"count":14,"href":"https:\/\/remotetraining.lifeworks.global\/es\/wp-json\/wp\/v2\/pages\/3304\/revisions"}],"predecessor-version":[{"id":5173,"href":"https:\/\/remotetraining.lifeworks.global\/es\/wp-json\/wp\/v2\/pages\/3304\/revisions\/5173"}],"wp:attachment":[{"href":"https:\/\/remotetraining.lifeworks.global\/es\/wp-json\/wp\/v2\/media?parent=3304"}],"curies":[{"name":"wp","href":"https:\/\/api.w.org\/{rel}","templated":true}]}}