{"id":3310,"date":"2023-10-24T15:02:08","date_gmt":"2023-10-24T15:02:08","guid":{"rendered":"https:\/\/lifeworks.global\/?page_id=3310"},"modified":"2023-12-26T17:53:54","modified_gmt":"2023-12-26T17:53:54","slug":"molasses-4-brown-sugar-alternative","status":"publish","type":"page","link":"https:\/\/remotetraining.lifeworks.global\/es\/molasses-4-brown-sugar-alternative\/","title":{"rendered":"Melaza 4 \u2013 Alternativa al az\u00facar moreno"},"content":{"rendered":"<p>[et_pb_section fb_built=\u201d1\u2033 _builder_version=\u201d4.14.7\u2033 _module_preset=\u201ddefault\u201d background_color=\u201d#f8f7f5\u2033 custom_padding=\u201d0px||0px|||\u201d Informaci\u00f3n global de colores = &quot;{}&quot;][et_pb_row _builder_version = &quot;4.14.7&quot; _module_preset = &quot;predeterminado&quot; ancho = &quot;90vw&quot; ancho m\u00e1ximo = &quot;2560px&quot; altura m\u00ednima = &quot;100px&quot; relleno personalizado = &quot;45px||0px||false|false&quot; Informaci\u00f3n global de colores = &quot;{}&quot;][et_pb_column type = &quot;4_4&quot; _builder_version = &quot;4.8.0&quot; _module_preset = &quot;predeterminado&quot; Informaci\u00f3n global de colores = &quot;{}&quot;][et_pb_text admin_label = &quot;Texto&quot; clase de m\u00f3dulo = &quot;formaci\u00f3n-marca&quot; _builder_version = &quot;4.14.7&quot; _module_preset = &quot;predeterminado&quot; Informaci\u00f3n global de colores = &quot;{}&quot;]<\/p>\n<h4 style=\"text-align: right;\"><strong>Capacitaci\u00f3n remota global de Lifeworks<\/strong><\/h4>\n<p>[\/et_pb_text][et_pb_text _builder_version=\u201d4.14.7\u2033 _module_preset=\u201ddefault\u201d global_colors_info=\u201d{}\u201d]<\/p>\n<h1>Hacer melaza con az\u00facar moreno<\/h1>\n<p>&nbsp;<\/p>\n<p>[\/et_pb_text][\/et_pb_column][\/et_pb_row][\/et_pb_section][et_pb_section fb_built=\u201d1\u2033 _builder_version=\u201d4.14.7\u2033 _module_preset=\u201dpredeterminado\u201d global_colors_info=\u201d{}\u201d][et_pb_row column_structure=\u201d1_2,1_2\u2033 _builder_version=\u201d4.14.7\u2033 _module_preset=\u201dpredeterminado\u201d global_colors_info=\u201d{}\u201d][et_pb_column type=\u201d1_2\u2033 _builder_version=\u201d4.14.7\u2033 _module_preset=\u201dpredeterminado\u201d global_colors_info=\u201d{}\u201d][et_pb_text _builder_version=\u201d4.14.7\u2033 _module_preset=\u201dpredeterminado\u201d informaci\u00f3n_global_colores=\u201d{}\u201d]<\/p>\n<h3 style=\"text-align: center;\">Usando az\u00facar moreno y agua\u2026<\/h3>\n<h3><img fetchpriority=\"high\" decoding=\"async\" class=\"wp-image-5342 size-medium aligncenter\" src=\"https:\/\/remotetraining.lifeworks.global\/wp-content\/uploads\/2023\/12\/Brown-sugar-194x300.png\" alt=\"\" width=\"194\" height=\"300\" \/><\/h3>\n<h3>Proporci\u00f3n: 4 partes de az\u00facar por 1 parte de agua<\/h3>\n<p>[\/et_pb_text][\/et_pb_column][et_pb_column tipo=\u201d1_2\u2033 _builder_version=\u201d4.14.7\u2033 _module_preset=\u201dpredeterminado\u201d informaci\u00f3n_global_colors=\u201d{}\u201d][et_pb_text _builder_version=\u201d4.14.7\u2033 _module_preset=\u201dpredeterminado\u201d hover_enabled=\u201d0\u2033 informaci\u00f3n_global_colors=\u201d{}\u201d sticky_enabled=\u201d0\u2033]<\/p>\n<h3 style=\"text-align: center;\">Calentar el az\u00facar y el agua hasta obtener un alm\u00edbar.<\/h3>\n<h3 style=\"text-align: center;\">para hacer melaza...<\/h3>\n<p>&nbsp;<\/p>\n<p><img decoding=\"async\" class=\"aligncenter wp-image-5341\" src=\"https:\/\/remotetraining.lifeworks.global\/wp-content\/uploads\/2023\/12\/making-molasses-from-Brown-sugar-1024x674.jpeg\" alt=\"\" width=\"400\" height=\"263\" \/><\/p>\n<p>[\/et_pb_text][\/et_pb_column][\/et_pb_row][\/et_pb_section][et_pb_section fb_built=\u201d1\u2033 _builder_version=\u201d4.14.7\u2033 _module_preset=\u201ddefault\u201d global_colors_info=\u201d{}\u201d][et_pb_row estructura_columna=\u201d1_3,1_3,1_3\u2033 clase_m\u00f3dulo=\u201dBotonesDeL\u00ednea\u201d _builder_version=\u201d4.14.7\u2033 _module_preset=\u201ddefault\u201d global_colors_info=\u201d{}\u201d][et_pb_column tipo=\u201d1_3\u2033 _builder_version=\u201d4.14.7\u2033 _module_preset=\u201ddefault\u201d global_colors_info=\u201d{}\u201d][et_pb_button URL del bot\u00f3n = &quot;https:\/\/remotetraining.lifeworks.global\/molasses-3-do-you-have-molasses\/&quot; Texto del bot\u00f3n = &quot;Atr\u00e1s&quot; Versi\u00f3n del constructor = &quot;4.14.7&quot; Ajuste preestablecido del m\u00f3dulo = &quot;3ffee87b-a732-4d5b-8b60-137d4760d306&quot; Informaci\u00f3n global de colores = &quot;{}&quot;][\/et_pb_button][\/et_pb_column][et_pb_column tipo = &quot;1_3&quot; Versi\u00f3n del constructor = &quot;4.14.7&quot; Ajuste preestablecido del m\u00f3dulo = &quot;predeterminado&quot; Informaci\u00f3n global de colores = &quot;{}&quot;][\/et_pb_column][et_pb_column tipo = &quot;1_3&quot; Versi\u00f3n del constructor = &quot;4.14.7&quot; _module_preset=\u201dpredeterminado\u201d global_colors_info=\u201d{}\u201d][et_pb_button button_url=\u201dhttps:\/\/remotetraining.lifeworks.global\/fish-4-how-to-make-it\/\u201d button_text=\u201dSiguiente\u201d button_alignment=\u201dcentrar\u201d module_class=\u201dbloque\u201d _builder_version=\u201d4.14.7\u2033 _module_preset=\u201dpredeterminado\u201d global_colors_info=\u201d{}\u201d][\/et_pb_button][\/et_pb_column][\/et_pb_row][\/et_pb_section]<\/p>","protected":false},"excerpt":{"rendered":"<p>Capacitaci\u00f3n remota global de Lifeworks: Elaboraci\u00f3n de melaza a partir de az\u00facar moreno. Uso de az\u00facar moreno y agua\u2026 Proporci\u00f3n: 4 partes de az\u00facar por 1 parte de agua. Calentar el az\u00facar y el agua hasta formar un alm\u00edbar para elaborar melaza\u2026 &nbsp;<\/p>","protected":false},"author":1,"featured_media":0,"parent":0,"menu_order":0,"comment_status":"closed","ping_status":"closed","template":"","meta":{"_et_pb_use_builder":"on","_et_pb_old_content":"","_et_gb_content_width":"","footnotes":""},"_links":{"self":[{"href":"https:\/\/remotetraining.lifeworks.global\/es\/wp-json\/wp\/v2\/pages\/3310"}],"collection":[{"href":"https:\/\/remotetraining.lifeworks.global\/es\/wp-json\/wp\/v2\/pages"}],"about":[{"href":"https:\/\/remotetraining.lifeworks.global\/es\/wp-json\/wp\/v2\/types\/page"}],"author":[{"embeddable":true,"href":"https:\/\/remotetraining.lifeworks.global\/es\/wp-json\/wp\/v2\/users\/1"}],"replies":[{"embeddable":true,"href":"https:\/\/remotetraining.lifeworks.global\/es\/wp-json\/wp\/v2\/comments?post=3310"}],"version-history":[{"count":18,"href":"https:\/\/remotetraining.lifeworks.global\/es\/wp-json\/wp\/v2\/pages\/3310\/revisions"}],"predecessor-version":[{"id":5345,"href":"https:\/\/remotetraining.lifeworks.global\/es\/wp-json\/wp\/v2\/pages\/3310\/revisions\/5345"}],"wp:attachment":[{"href":"https:\/\/remotetraining.lifeworks.global\/es\/wp-json\/wp\/v2\/media?parent=3310"}],"curies":[{"name":"wp","href":"https:\/\/api.w.org\/{rel}","templated":true}]}}