{"id":3332,"date":"2023-10-24T15:18:11","date_gmt":"2023-10-24T15:18:11","guid":{"rendered":"https:\/\/lifeworks.global\/?page_id=3332"},"modified":"2023-10-24T17:26:04","modified_gmt":"2023-10-24T17:26:04","slug":"fish-congratulations-on-first-fish-fertilizer","status":"publish","type":"page","link":"https:\/\/remotetraining.lifeworks.global\/es\/fish-congratulations-on-first-fish-fertilizer\/","title":{"rendered":"Peces: felicitaciones por tu primer fertilizante para peces."},"content":{"rendered":"<p>[et_pb_section fb_built=\u201d1\u2033 _builder_version=\u201d4.14.7\u2033 _module_preset=\u201dpredeterminado\u201d color_de_fondo=\u201d#f8f7f5\u2033 relleno_personalizado=\u201d0px||0px|||\u201d global_colors_info=\u201d{}\u201d][et_pb_row _builder_version=\u201d4.14.7\u2033 _module_preset=\u201dpredeterminado\u201d ancho=\u201d90vw\u201d ancho_m\u00e1ximo=\u201d2560px\u201d altura_m\u00edn=\u201d100px\u201d relleno_personalizado=\u201d45px||0px||falso|falso\u201d global_colors_info=\u201d{}\u201d][et_pb_column type=\u201d4_4\u2033 _builder_version=\u201d4.8.0\u2033 _module_preset=\u201dpredeterminado\u201d global_colors_info=\u201d{}\u201d][et_pb_text _builder_version=\u201d4.14.7\u2033 _module_preset=\u201dpredeterminado\u201d global_colors_info=\u201d{}\u201d]<\/p>\n<h1 style=\"text-align: center;\"><strong>Capacitaci\u00f3n remota global de Lifeworks<\/strong><\/h1>\n<p>[\/et_pb_text][et_pb_text _builder_version=\u201d4.14.7\u2033 _module_preset=\u201ddefault\u201d global_colors_info=\u201d{}\u201d]<\/p>\n<h2>\u00a1Bien hecho!<\/h2>\n<h2>Ya has preparado tu primer lote de fertilizante para peces.<\/h2>\n<p>[\/et_pb_text][\/et_pb_column][\/et_pb_row][\/et_pb_section][et_pb_section fb_built=\u201d1\u2033 _builder_version=\u201d4.14.7\u2033 _module_preset=\u201ddefault\u201d global_colors_info=\u201d{}\u201d][et_pb_row estructura_columna=\u201d1_3,1_3,1_3\u2033 _builder_version=\u201d4.14.7\u2033 _module_preset=\u201ddefault\u201d global_colors_info=\u201d{}\u201d][et_pb_column tipo=\u201d1_3\u2033 _builder_version=\u201d4.14.7\u2033 _module_preset=\u201ddefault\u201d global_colors_info=\u201d{}\u201d][et_pb_button URL del bot\u00f3n = &quot;https:\/\/remotetraining.lifeworks.global\/fish-4-how-to-make-it\/&quot; Texto del bot\u00f3n = &quot;Atr\u00e1s&quot; Versi\u00f3n del constructor = &quot;4.14.7&quot; Ajuste preestablecido del m\u00f3dulo = &quot;predeterminado&quot; Activado al pasar el mouse = &quot;0&quot; Informaci\u00f3n de colores globales = &quot;{}&quot; Activado al pasar el mouse = &quot;0&quot;][\/et_pb_button][\/et_pb_column][et_pb_column tipo = &quot;1_3&quot; Versi\u00f3n del constructor = &quot;4.14.7&quot; Ajuste preestablecido del m\u00f3dulo = &quot;predeterminado&quot; Informaci\u00f3n de colores globales = &quot;{}&quot;][\/et_pb_column][et_pb_column tipo = &quot;1_3&quot; Versi\u00f3n del constructor = &quot;4.14.7&quot; Ajuste preestablecido del m\u00f3dulo = &quot;predeterminado&quot; Informaci\u00f3n global de colores = &quot;{}&quot;][et_pb_button URL del bot\u00f3n = &quot;https:\/\/remotetraining.lifeworks.global\/preparaci\u00f3n-de-leche-1\/&quot; Texto del bot\u00f3n = &quot;Siguiente&quot; Alineaci\u00f3n del bot\u00f3n = &quot;derecha&quot; Versi\u00f3n del generador = &quot;4.14.7&quot; Ajuste preestablecido del m\u00f3dulo = &quot;predeterminado&quot; Activaci\u00f3n del cursor = &quot;0&quot; Informaci\u00f3n global de colores = &quot;{}&quot; Activaci\u00f3n fija = &quot;0&quot;][\/et_pb_button][\/et_pb_column][\/et_pb_row][\/et_pb_section]<\/p>","protected":false},"excerpt":{"rendered":"<p>Capacitaci\u00f3n remota global de Lifeworks. \u00a1Bien hecho! Ya preparaste tu primer lote de fertilizante para peces.<\/p>","protected":false},"author":1,"featured_media":0,"parent":0,"menu_order":0,"comment_status":"closed","ping_status":"closed","template":"","meta":{"_et_pb_use_builder":"on","_et_pb_old_content":"","_et_gb_content_width":"","footnotes":""},"_links":{"self":[{"href":"https:\/\/remotetraining.lifeworks.global\/es\/wp-json\/wp\/v2\/pages\/3332"}],"collection":[{"href":"https:\/\/remotetraining.lifeworks.global\/es\/wp-json\/wp\/v2\/pages"}],"about":[{"href":"https:\/\/remotetraining.lifeworks.global\/es\/wp-json\/wp\/v2\/types\/page"}],"author":[{"embeddable":true,"href":"https:\/\/remotetraining.lifeworks.global\/es\/wp-json\/wp\/v2\/users\/1"}],"replies":[{"embeddable":true,"href":"https:\/\/remotetraining.lifeworks.global\/es\/wp-json\/wp\/v2\/comments?post=3332"}],"version-history":[{"count":5,"href":"https:\/\/remotetraining.lifeworks.global\/es\/wp-json\/wp\/v2\/pages\/3332\/revisions"}],"predecessor-version":[{"id":3466,"href":"https:\/\/remotetraining.lifeworks.global\/es\/wp-json\/wp\/v2\/pages\/3332\/revisions\/3466"}],"wp:attachment":[{"href":"https:\/\/remotetraining.lifeworks.global\/es\/wp-json\/wp\/v2\/media?parent=3332"}],"curies":[{"name":"wp","href":"https:\/\/api.w.org\/{rel}","templated":true}]}}