{"id":3615,"date":"2023-10-26T11:09:19","date_gmt":"2023-10-26T11:09:19","guid":{"rendered":"https:\/\/lifeworks.global\/?page_id=3615"},"modified":"2023-12-26T10:11:42","modified_gmt":"2023-12-26T10:11:42","slug":"compost-ingredients","status":"publish","type":"page","link":"https:\/\/remotetraining.lifeworks.global\/es\/compost-ingredients\/","title":{"rendered":"Ingredientes del compost"},"content":{"rendered":"<p>[et_pb_section fb_built=\u201d1\u2033 _builder_version=\u201d4.14.7\u2033 _module_preset=\u201ddefault\u201d background_color=\u201d#f8f7f5\u2033 custom_padding=\u201d0px||0px|||\u201d global_colors_info=\u201d{}\u201d][et_pb_row _builder_version=\u201d4.14.7\u2033 _module_preset=\u201ddefault\u201d width=\u201d90vw\u201d max_width=\u201d2560px\u201d min_height=\u201d100px\u201d custom_padding=\u201d45px||0px||false|false\u201d global_colors_info =\u201d{}\u201d][et_pb_column type=\u201d4_4\u2033 _builder_version=\u201d4.8.0\u2033 _module_preset=\u201ddefault\u201d global_colors_info=\u201d{}\u201d][et_pb_text module_class=\u201dtraining-branding\u201d _builder_version=\u201d4.14.7\u2033 _module_preset= &quot;predeterminado&quot; global_colors_info = &quot;{}&quot;]<\/p>\n<h4 style=\"text-align: right;\"><strong>Capacitaci\u00f3n remota global de Lifeworks<\/strong><\/h4>\n<p>[\/et_pb_text][et_pb_text _builder_version=\u201d4.14.7\u2033 _module_preset=\u201ddefault\u201d custom_padding=\u201d||0px|||\u201d global_colors_info=\u201d{}\u201d]<\/p>\n<h2>Necesitar\u00e1s estos materiales para hacer tu compost<\/h2>\n<div class=\"mceTemp\">\u00a0<\/div>\n<p><div id=\"attachment_5306\" style=\"width: 374px\" class=\"wp-caption alignleft\"><img fetchpriority=\"high\" decoding=\"async\" aria-describedby=\"caption-attachment-5306\" class=\"wp-image-5306\" src=\"https:\/\/remotetraining.lifeworks.global\/wp-content\/uploads\/2023\/12\/Compost-Machete.png\" alt=\"\" width=\"364\" height=\"220\" \/><p id=\"caption-attachment-5306\" class=\"wp-caption-text\">Machete<\/p><\/div><div id=\"attachment_5307\" style=\"width: 403px\" class=\"wp-caption alignleft\"><img decoding=\"async\" aria-describedby=\"caption-attachment-5307\" class=\"wp-image-5307\" src=\"https:\/\/remotetraining.lifeworks.global\/wp-content\/uploads\/2023\/12\/Compost-Sticks.png\" alt=\"\" width=\"393\" height=\"220\" \/><p id=\"caption-attachment-5307\" class=\"wp-caption-text\">Palos (1,5 m de largo)<\/p><\/div><div id=\"attachment_5308\" style=\"width: 406px\" class=\"wp-caption alignleft\"><img decoding=\"async\" aria-describedby=\"caption-attachment-5308\" class=\"wp-image-5308\" src=\"https:\/\/remotetraining.lifeworks.global\/wp-content\/uploads\/2023\/12\/Compost-String.png\" alt=\"\" width=\"396\" height=\"220\" \/><p id=\"caption-attachment-5308\" class=\"wp-caption-text\">Cadena<\/p><\/div>[\/et_pb_text][\/et_pb_column][\/et_pb_row][et_pb_row _builder_version=\u201d4.14.7\u2033 _module_preset=\u201dpredeterminado\u201d ancho=\u201d90vw\u201d ancho_m\u00e1ximo=\u201d2560px\u201d altura_m\u00edn=\u201d100px\u201d relleno_personalizado=\u201d45px||0px||falso|falso\u201d informaci\u00f3n_global_colores=\u201d{}\u201d][et_pb_column tipo=\u201d4_4\u2033 _builder_version=\u201d4.8.0\u2033 _module_preset=\u201dpredeterminado\u201d informaci\u00f3n_global_colores=\u201d{}\u201d][et_pb_text _builder_version=\u201d4.14.7\u2033 _module_preset=\u201dpredeterminado\u201d relleno_personalizado=\u201d||0px|||\u201d hover_enabled=\u201d0\u2033 global_colors_info=\u201d{}\u201d sticky_enabled=\u201d0\u2033]<\/p>\n<h2>Necesitar\u00e1s estos ingredientes para hacer tu abono<\/h2>\n<div class=\"mceTemp\"><\/div>\n<div id=\"attachment_5293\" style=\"width: 374px\" class=\"wp-caption alignleft\"><img loading=\"lazy\" decoding=\"async\" aria-describedby=\"caption-attachment-5293\" class=\"wp-image-5293\" src=\"https:\/\/remotetraining.lifeworks.global\/wp-content\/uploads\/2023\/12\/Green-material.png\" alt=\"\" width=\"364\" height=\"261\" \/><p id=\"caption-attachment-5293\" class=\"wp-caption-text\">Material verde (50%) como hojas, residuos de cultivos, pastos y esquejes de hortalizas.<\/p><\/div>\n<div id=\"attachment_5292\" style=\"width: 374px\" class=\"wp-caption alignleft\"><img loading=\"lazy\" decoding=\"async\" aria-describedby=\"caption-attachment-5292\" class=\"wp-image-5292\" src=\"https:\/\/remotetraining.lifeworks.global\/wp-content\/uploads\/2023\/12\/Dry-material.jpeg\" alt=\"\" width=\"364\" height=\"305\" \/><p id=\"caption-attachment-5292\" class=\"wp-caption-text\">Material seco (50%) como pastos secos y residuos de cultivos secos.<\/p><\/div>\n<p><div id=\"attachment_5291\" style=\"width: 374px\" class=\"wp-caption alignleft\"><img loading=\"lazy\" decoding=\"async\" aria-describedby=\"caption-attachment-5291\" class=\"wp-image-5291\" src=\"https:\/\/remotetraining.lifeworks.global\/wp-content\/uploads\/2023\/12\/Cow-dung.png\" alt=\"\" width=\"364\" height=\"297\" \/><p id=\"caption-attachment-5291\" class=\"wp-caption-text\">Esti\u00e9rcol de animal para cada capa de compost (recomendado). Opcionalmente, puedes a\u00f1adir un cubo de orina de vaca o un cubo de cenizas de fuego enfriadas.<\/p><\/div>[\/et_pb_text][\/et_pb_column][\/et_pb_row][\/et_pb_section][et_pb_section fb_built=\u201d1\u2033 _builder_version=\u201d4.14.7\u2033 _module_preset=\u201dpredeterminado\u201d global_colors_info=\u201d{}\u201d][et_pb_row estructura_columna=\u201d1_2,1_2\u2033 clase_m\u00f3dulo=\u201dbloque\u201d _builder_version=\u201d4.14.7\u2033 _module_preset=\u201dpredeterminado\u201d global_colors_info=\u201d{}\u201d][et_pb_column tipo=\u201d1_2\u2033 _builder_version=\u201d4.14.7\u2033 _module_preset=\u201dpredeterminado\u201d global_colors_info=\u201d{}\u201d][et_pb_button button_url=\u201dhttps:\/\/remotetraining.lifeworks.global\/compost-1-preparacion\/\u201d button_text=\u201dAtr\u00e1s\u201d _builder_version=\u201d4.14.7\u2033 _module_preset=\u201d3ffee87b-a732-4d5b-8b60-137d4760d306\u2033 global_colors_info=\u201d{}\u201d][\/et_pb_button][\/et_pb_column][et_pb_column type=\u201d1_2\u2033 _builder_version=\u201d4.14.7\u2033 _module_preset=\u201dpredeterminado\u201d global_colors_info=\u201d{}\u201d][et_pb_button button_url=\u201dhttps:\/\/remotetraining.lifeworks.global\/compost-3-como-hacerlo\/\u201d button_text=\u201dSiguiente\u201d button_alignment=\u201dderecha\u201d m\u00f3dulo_clase=\u201dbloque\u201d _builder_version=\u201d4.14.7\u2033 _module_preset=\u201dpredeterminado\u201d informaci\u00f3n_colores_globales=\u201d{}\u201d][\/et_pb_button][\/et_pb_column][\/et_pb_row][\/et_pb_section]<\/p>","protected":false},"excerpt":{"rendered":"<p>Capacitaci\u00f3n remota global de Lifeworks Necesitar\u00e1 estos materiales para hacer su compost Necesitar\u00e1 estos ingredientes para hacer su compost<\/p>","protected":false},"author":1,"featured_media":0,"parent":0,"menu_order":0,"comment_status":"closed","ping_status":"closed","template":"","meta":{"_et_pb_use_builder":"on","_et_pb_old_content":"","_et_gb_content_width":"","footnotes":""},"_links":{"self":[{"href":"https:\/\/remotetraining.lifeworks.global\/es\/wp-json\/wp\/v2\/pages\/3615"}],"collection":[{"href":"https:\/\/remotetraining.lifeworks.global\/es\/wp-json\/wp\/v2\/pages"}],"about":[{"href":"https:\/\/remotetraining.lifeworks.global\/es\/wp-json\/wp\/v2\/types\/page"}],"author":[{"embeddable":true,"href":"https:\/\/remotetraining.lifeworks.global\/es\/wp-json\/wp\/v2\/users\/1"}],"replies":[{"embeddable":true,"href":"https:\/\/remotetraining.lifeworks.global\/es\/wp-json\/wp\/v2\/comments?post=3615"}],"version-history":[{"count":43,"href":"https:\/\/remotetraining.lifeworks.global\/es\/wp-json\/wp\/v2\/pages\/3615\/revisions"}],"predecessor-version":[{"id":5320,"href":"https:\/\/remotetraining.lifeworks.global\/es\/wp-json\/wp\/v2\/pages\/3615\/revisions\/5320"}],"wp:attachment":[{"href":"https:\/\/remotetraining.lifeworks.global\/es\/wp-json\/wp\/v2\/media?parent=3615"}],"curies":[{"name":"wp","href":"https:\/\/api.w.org\/{rel}","templated":true}]}}