{"id":3721,"date":"2023-10-26T12:23:39","date_gmt":"2023-10-26T12:23:39","guid":{"rendered":"https:\/\/lifeworks.global\/?page_id=3721"},"modified":"2023-12-28T12:31:55","modified_gmt":"2023-12-28T12:31:55","slug":"milk-bio-fertiliser-ingredients","status":"publish","type":"page","link":"https:\/\/remotetraining.lifeworks.global\/es\/milk-bio-fertiliser-ingredients\/","title":{"rendered":"Ingredientes del biofertilizante l\u00e1cteo"},"content":{"rendered":"<p>[et_pb_section fb_built=\u201d1\u2033 module_class=\u201dtraining-section\u201d _builder_version=\u201d4.14.7\u2033 _module_preset=\u201ddefault\u201d background_color=\u201d#f8f7f5\u2033 custom_padding=\u201d0px||0px|||\u201d global_colors_info=\u201d{}\u201d][et_pb_row _builder_version=\u201d4.14.7\u2033 _module_preset=\u201ddefault\u201d width=\u201d90vw\u201d max_width=\u201d2560px\u201d min_height=\u201d100px\u201d custom_padding=\u201d45px||0px||false|false\u201d global_colors_info =\u201d{}\u201d][et_pb_column type=\u201d4_4\u2033 _builder_version=\u201d4.8.0\u2033 _module_preset=\u201ddefault\u201d global_colors_info=\u201d{}\u201d][et_pb_text module_class=\u201dtraining-branding\u201d _builder_version=\u201d4.14.7\u2033 _module_preset= &quot;predeterminado&quot; global_colors_info = &quot;{}&quot;]<\/p>\n<h4 style=\"text-align: right;\"><strong>Capacitaci\u00f3n remota global de Lifeworks<\/strong><\/h4>\n<p>[\/et_pb_text][et_pb_text _builder_version=\u201d4.14.7\u2033 _module_preset=\u201ddefault\u201d custom_padding=\u201d||0px|||\u201d global_colors_info=\u201d{}\u201d]<\/p>\n<h2>Necesitar\u00e1s estos materiales para hacer tu biofertilizante l\u00e1cteo<\/h2>\n<p>[\/et_pb_text][\/et_pb_column][\/et_pb_row][et_pb_row column_structure=\u201d1_2,1_2\u2033 _builder_version=\u201d4.14.7\u2033 _module_preset=\u201ddefault\u201d global_colors_info=\u201d{}\u201d][et_pb_column type=\u201d1_2\u2033 _builder_version=\u201d 4.14.7\u2033 _module_preset=\u201ddefault\u201d global_colors_info=\u201d{}\u201d][et_pb_image src=\u201dhttps:\/\/remotetraining.lifeworks.global\/wp-content\/uploads\/2023\/12\/Lacto-ingredients-1.png\u201d title_text =\u201dIngredientes del biofertilizante LactoMilk\u201d _builder_version=\u201d4.14.7\u2033 _module_preset=\u201ddefault\u201d max_height=\u201d275px\u201d global_colors_info=\u201d{}\u201d][\/et_pb_image][et_pb_text _builder_version=\u201d4.14.7\u2033 _module_preset=\u201ddefault\u201d custom_padding=\u201d||0px|||\u201d global_colors_info=\u201d{}\u201d]<\/p>\n<h2>Ingredientes<\/h2>\n<ul>\n<li>1 kilo de arroz<\/li>\n<li>2 litros de agua<\/li>\n<li>10 litros de leche<\/li>\n<li>5 litros de melaza<\/li>\n<\/ul>\n<p>[\/et_pb_text][\/et_pb_column][et_pb_column type=\u201d1_2\u2033 _builder_version=\u201d4.14.7\u2033 _module_preset=\u201ddefault\u201d global_colors_info=\u201d{}\u201d][et_pb_image title_text=\u201dIngredientes del biofertilizante de leche\u201d _builder_version=\u201d4.14. 7\u2033 _module_preset=\u201ddefault\u201d max_height=\u201d275px\u201d hover_enabled=\u201d0\u2033 global_colors_info=\u201d{}\u201d src=\u201dhttps:\/\/remotetraining.lifeworks.global\/wp-content\/uploads\/2023\/12\/Lacto-materials- 1.png\u201d sticky_enabled=\u201d0\u2033][\/et_pb_image][et_pb_text _builder_version=\u201d4.14.7\u2033 _module_preset=\u201ddefault\u201d custom_padding=\u201d||0px|||\u201d global_colors_info=\u201d{}\u201d]<\/p>\n<h2>Equipo<\/h2>\n<ul>\n<li>Cubo de pl\u00e1stico<\/li>\n<li>Palo<\/li>\n<li>Neto<\/li>\n<li>Cadena<\/li>\n<\/ul>\n<p>[\/et_pb_text][\/et_pb_column][\/et_pb_row][\/et_pb_section][et_pb_section fb_built=\u201d1\u2033 _builder_version=\u201d4.14.7\u2033 _module_preset=\u201ddefault\u201d global_colors_info=\u201d{}\u201d][et_pb_row column_structure=\u201d1_3,1_3 ,1_3\u2033 module_class=\u201dLineButtons\u201d _builder_version=\u201d4.14.7\u2033 _module_preset=\u201ddefault\u201d global_colors_info=\u201d{}\u201d][et_pb_column type=\u201d1_3\u2033 _builder_version=\u201d4.14.7\u2033 _module_preset=\u201ddefault\u201d global_colors_info=\u201d{ }\u201d][et_pb_button button_url=\u201dhttps:\/\/remotetraining.lifeworks.global\/milk-1-preparation\/\u201d button_text=\u201dVolver\u201d _builder_version=\u201d4.14.7\u2033 _module_preset=\u201d3ffee87b-a732-4d5b-8b60-137d4760d306\u2033 global_colors_info=\u201d{}\u201d][\/et_pb_button][\/et_pb_column][et_pb_column type=\u201d1_3\u2033 _builder_version=\u201d4.14.7\u2033 _module_preset=\u201ddefault\u201d global_colors_info=\u201d{}\u201d][\/et_pb_column][et_pb_column type=\u201d 1_3\u2033 _builder_version=\u201d4.14.7\u2033 _module_preset=\u201ddefault\u201d global_colors_info=\u201d{}\u201d][et_pb_button button_url=\u201dhttps:\/\/remotetraining.lifeworks.global\/milk-2-how-to-make-it\/\u201d button_text =\u201dSiguiente\u201d button_alignment=\u201dright\u201d module_class=\u201dblock\u201d _builder_version=\u201d4.14.7\u2033 _module_preset=\u201ddefault\u201d global_colors_info=\u201d{}\u201d][\/et_pb_button][\/et_pb_column][\/et_pb_row][\/et_pb_section]<\/p>","protected":false},"excerpt":{"rendered":"<p>Lifeworks Global Remote TrainingNecesitar\u00e1 estos materiales para hacer su biofertilizante l\u00e1cteoIngredientes 1 kg de arroz 2 litros de agua 10 litros de leche 5 litros de melaza Equipo Balde de pl\u00e1stico Palo Red Cordel<\/p>","protected":false},"author":1,"featured_media":0,"parent":0,"menu_order":0,"comment_status":"closed","ping_status":"closed","template":"","meta":{"_et_pb_use_builder":"on","_et_pb_old_content":"","_et_gb_content_width":"","footnotes":""},"_links":{"self":[{"href":"https:\/\/remotetraining.lifeworks.global\/es\/wp-json\/wp\/v2\/pages\/3721"}],"collection":[{"href":"https:\/\/remotetraining.lifeworks.global\/es\/wp-json\/wp\/v2\/pages"}],"about":[{"href":"https:\/\/remotetraining.lifeworks.global\/es\/wp-json\/wp\/v2\/types\/page"}],"author":[{"embeddable":true,"href":"https:\/\/remotetraining.lifeworks.global\/es\/wp-json\/wp\/v2\/users\/1"}],"replies":[{"embeddable":true,"href":"https:\/\/remotetraining.lifeworks.global\/es\/wp-json\/wp\/v2\/comments?post=3721"}],"version-history":[{"count":37,"href":"https:\/\/remotetraining.lifeworks.global\/es\/wp-json\/wp\/v2\/pages\/3721\/revisions"}],"predecessor-version":[{"id":5406,"href":"https:\/\/remotetraining.lifeworks.global\/es\/wp-json\/wp\/v2\/pages\/3721\/revisions\/5406"}],"wp:attachment":[{"href":"https:\/\/remotetraining.lifeworks.global\/es\/wp-json\/wp\/v2\/media?parent=3721"}],"curies":[{"name":"wp","href":"https:\/\/api.w.org\/{rel}","templated":true}]}}