{"id":4363,"date":"2023-11-17T14:43:41","date_gmt":"2023-11-17T14:43:41","guid":{"rendered":"https:\/\/lifeworks.global\/?page_id=4363"},"modified":"2023-11-28T08:53:25","modified_gmt":"2023-11-28T08:53:25","slug":"do-you-want-to-know-more-about-the-commercial-opportunity","status":"publish","type":"page","link":"https:\/\/remotetraining.lifeworks.global\/es\/do-you-want-to-know-more-about-the-commercial-opportunity\/","title":{"rendered":"\u00bfQuieres saber m\u00e1s sobre la oportunidad comercial?"},"content":{"rendered":"<p>[et_pb_section fb_built=\u201d1\u2033 module_class=\u201dsecci\u00f3n-de-entrenamiento\u201d _builder_version=\u201d4.14.7\u2033 _module_preset=\u201dpredeterminado\u201d background_color=\u201d#f8f7f5\u2033 custom_padding=\u201d0px||0px|||\u201d global_colors_info=\u201d{}\u201d][et_pb_row _builder_version=\u201d4.14.7\u2033 _module_preset=\u201dpredeterminado\u201d ancho=\u201d90vw\u201d ancho_m\u00e1ximo=\u201d2560px\u201d altura_m\u00ednima=\u201d100px\u201d relleno_personalizado=\u201d45px||0px||falso|falso\u201d global_colors_info=\u201d{}\u201d][et_pb_column type=\u201d4_4\u2033 _builder_version=\u201d4.8.0\u2033 _module_preset=\u201dpredeterminado\u201d global_colors_info=\u201d{}\u201d][et_pb_text admin_label=\u201dTexto\u201d _builder_version=\u201d4.14.7\u2033 _module_preset=\u201dpredeterminado\u201d hover_enabled=\u201d0\u2033 global_colors_info=\u201d{}\u201d m\u00f3dulo_clase=\u201dcapacitaci\u00f3n-marca\u201d sticky_enabled=\u201d0\u2033]<\/p>\n<h4 style=\"text-align: right;\"><strong>Capacitaci\u00f3n remota global de Lifeworks<\/strong><\/h4>\n<p>[\/et_pb_text][et_pb_text _builder_version=\u201d4.14.7\u2033 _module_preset=\u201ddefault\u201d global_colors_info=\u201d{}\u201d]<\/p>\n<h1>\u00bfQuieres saber m\u00e1s sobre la oportunidad comercial?<\/h1>\n<p>[\/et_pb_text][\/et_pb_column][\/et_pb_row][\/et_pb_section][et_pb_section fb_built=\u201d1\u2033 _builder_version=\u201d4.14.7\u2033 _module_preset=\u201ddefault\u201d global_colors_info=\u201d{}\u201d][et_pb_row estructura_columna=\u201d1_3,1_3,1_3\u2033 clase_m\u00f3dulo=\u201dBotonesDeL\u00ednea\u201d _builder_version=\u201d4.14.7\u2033 _module_preset=\u201ddefault\u201d global_colors_info=\u201d{}\u201d][et_pb_column tipo=\u201d1_3\u2033 _builder_version=\u201d4.14.7\u2033 _module_preset=\u201ddefault\u201d global_colors_info=\u201d{}\u201d][et_pb_button URL del bot\u00f3n = &quot;https:\/\/remotetraining.lifeworks.global\/oportunidad-comercial\/&quot; Texto del bot\u00f3n = &quot;Atr\u00e1s&quot; _versi\u00f3n_del_constructor = &quot;4.14.7&quot; _ajuste_predeterminado_del_m\u00f3dulo = &quot;3ffee87b-a732-4d5b-8b60-137d4760d306&quot; Informaci\u00f3n_de_colores_global = &quot;{}&quot;][\/et_pb_button][\/et_pb_column][et_pb_column type = &quot;1_3&quot; _versi\u00f3n_del_constructor = &quot;4.14.7&quot; _ajuste_predeterminado_del_m\u00f3dulo = &quot;predeterminado&quot; Informaci\u00f3n_de_colores_global = &quot;{}&quot;][et_pb_button URL del bot\u00f3n = &quot;https:\/\/remotetraining.lifeworks.global\/salir-del-entrenamiento\/&quot; Texto del bot\u00f3n = &quot;No&quot; Alineaci\u00f3n_del_bot\u00f3n = &quot;derecha&quot; Clase_del_m\u00f3dulo = &quot;bloque&quot; Versi\u00f3n del constructor = &quot;4.14.7&quot;; ajuste preestablecido del m\u00f3dulo = &quot;predeterminado&quot;; informaci\u00f3n de colores globales = &quot;{}&quot;][\/et_pb_button][\/et_pb_column][et_pb_column type = &quot;1_3&quot; Versi\u00f3n del constructor = &quot;4.14.7&quot;; ajuste preestablecido del m\u00f3dulo = &quot;predeterminado&quot;; informaci\u00f3n de colores globales = &quot;{}&quot;][et_pb_button; URL del bot\u00f3n = &quot;https:\/\/remotetraining.lifeworks.global\/?page_id=4367&amp;preview=true&quot;; texto del bot\u00f3n = &quot;S\u00ed&quot;; alineaci\u00f3n del bot\u00f3n = &quot;centrar&quot;; clase del m\u00f3dulo = &quot;bloque&quot; informaci\u00f3n_de_colores_globales=\u201d{}\u201d][\/et_pb_button][\/et_pb_column][\/et_pb_row][\/et_pb_section]<\/p>","protected":false},"excerpt":{"rendered":"<p>Capacitaci\u00f3n remota global de Lifeworks\u00bfQuieres saber m\u00e1s sobre la oportunidad comercial?<\/p>","protected":false},"author":1,"featured_media":0,"parent":0,"menu_order":0,"comment_status":"closed","ping_status":"closed","template":"","meta":{"_et_pb_use_builder":"on","_et_pb_old_content":"","_et_gb_content_width":"","footnotes":""},"_links":{"self":[{"href":"https:\/\/remotetraining.lifeworks.global\/es\/wp-json\/wp\/v2\/pages\/4363"}],"collection":[{"href":"https:\/\/remotetraining.lifeworks.global\/es\/wp-json\/wp\/v2\/pages"}],"about":[{"href":"https:\/\/remotetraining.lifeworks.global\/es\/wp-json\/wp\/v2\/types\/page"}],"author":[{"embeddable":true,"href":"https:\/\/remotetraining.lifeworks.global\/es\/wp-json\/wp\/v2\/users\/1"}],"replies":[{"embeddable":true,"href":"https:\/\/remotetraining.lifeworks.global\/es\/wp-json\/wp\/v2\/comments?post=4363"}],"version-history":[{"count":9,"href":"https:\/\/remotetraining.lifeworks.global\/es\/wp-json\/wp\/v2\/pages\/4363\/revisions"}],"predecessor-version":[{"id":5232,"href":"https:\/\/remotetraining.lifeworks.global\/es\/wp-json\/wp\/v2\/pages\/4363\/revisions\/5232"}],"wp:attachment":[{"href":"https:\/\/remotetraining.lifeworks.global\/es\/wp-json\/wp\/v2\/media?parent=4363"}],"curies":[{"name":"wp","href":"https:\/\/api.w.org\/{rel}","templated":true}]}}