{"id":4714,"date":"2023-11-24T14:05:23","date_gmt":"2023-11-24T14:05:23","guid":{"rendered":"https:\/\/lifeworks.global\/?page_id=4714"},"modified":"2024-02-15T11:25:21","modified_gmt":"2024-02-15T11:25:21","slug":"timeline-overview","status":"publish","type":"page","link":"https:\/\/remotetraining.lifeworks.global\/es\/timeline-overview\/","title":{"rendered":"Descripci\u00f3n general de la l\u00ednea de tiempo"},"content":{"rendered":"<p>[et_pb_section fb_built=\u201d1\u2033 module_class=\u201dtraining-section\u201d _builder_version=\u201d4.14.7\u2033 _module_preset=\u201ddefault\u201d background_color=\u201d#f8f7f5\u2033 custom_padding=\u201d0px||0px|||\u201d global_colors_info=\u201d{}\u201d][et_pb_row _builder_version=\u201d4.14.7\u2033 _module_preset=\u201ddefault\u201d width=\u201d90vw\u201d max_width=\u201d2560px\u201d min_height=\u201d100px\u201d custom_padding=\u201d45px||0px||false|false\u201d global_colors_info =\u201d{}\u201d][et_pb_column type=\u201d4_4\u2033 _builder_version=\u201d4.8.0\u2033 _module_preset=\u201ddefault\u201d global_colors_info=\u201d{}\u201d][et_pb_text module_class=\u201dtraining-branding\u201d _builder_version=\u201d4.14.7\u2033 _module_preset= &quot;predeterminado&quot; global_colors_info = &quot;{}&quot;]<\/p>\n<h4 style=\"text-align: right;\"><strong>Capacitaci\u00f3n remota global de Lifeworks<\/strong><\/h4>\n<p>[\/et_pb_text][et_pb_text _builder_version=\u201d4.14.7\u2033 _module_preset=\u201ddefault\u201d custom_padding=\u201d||0px|||\u201d global_colors_info=\u201d{}\u201d]<\/p>\n<h2 style=\"text-align: center;\"><strong>Descripci\u00f3n general: tiempo de producci\u00f3n de abono de 18 d\u00edas, biofertilizantes y remojo de semillas<\/strong><\/h2>\n<p>[\/et_pb_text][et_pb_image title_text=\u201dCronolog\u00eda de los preparativos\u201d align=\u201dcenter\u201d _builder_version=\u201d4.14.7\u2033 _module_preset=\u201ddefault\u201d max_width=\u201d1500px\u201d hover_enabled=\u201d0\u2033 global_colors_info=\u201d{}\u201d src=\u201dhttps :\/\/remotetraining.lifeworks.global\/wp-content\/uploads\/2024\/02\/Timeline-of-preparations.png\u201d sticky_enabled=\u201d0\u2033][\/et_pb_image][\/et_pb_column][\/et_pb_row][\/et_pb_section][ et_pb_section fb_built=\u201d1\u2033 _builder_version=\u201d4.14.7\u2033 _module_preset=\u201ddefault\u201d global_colors_info=\u201d{}\u201d][et_pb_row column_structure=\u201d1_3,1_3,1_3\u2033 module_class=\u201dLineButtons\u201d _builder_version=\u201d4.14.7\u2033 _module_preset= \u201dpredeterminado\u201d global_colors_info=\u201d{}\u201d][et_pb_column type=\u201d1_3\u2033 _builder_version=\u201d4.14.7\u2033 _module_preset=\u201ddefault\u201d global_colors_info=\u201d{}\u201d][et_pb_button button_url=\u201dhttps:\/\/remotetraining.lifeworks.global \/fish-1-fish-bio-fertilizer-preparation\u201d button_text=\u201dVolver\u201d _builder_version=\u201d4.14.7\u2033 _module_preset=\u201d3ffee87b-a732-4d5b-8b60-137d4760d306\u2033 global_colors_info=\u201d{}\u201d][\/et_pb_button][ \/et_pb_column][et_pb_column type=\u201d1_3\u2033 _builder_version=\u201d4.14.7\u2033 _module_preset=\u201ddefault\u201d global_colors_info=\u201d{}\u201d][\/et_pb_column][et_pb_column type=\u201d1_3\u2033 _builder_version=\u201d4.14.7\u2033 _module_preset=\u201d default\u201d global_colors_info=\u201d{}\u201d][et_pb_button button_url=\u201dhttps:\/\/remotetraining.lifeworks.global\/compost-1-preparation\/\u201d button_text=\u201dSiguiente\u201d button_alignment=\u201dright\u201d module_class=\u201dblock\u201d _builder_version=\u201d4.14 .7\u2033 _module_preset=\u201ddefault\u201d global_colors_info=\u201d{}\u201d][\/et_pb_button][\/et_pb_column][\/et_pb_row][\/et_pb_section]<\/p>","protected":false},"excerpt":{"rendered":"<p>Lifeworks Global Remote TrainingDescripci\u00f3n general: tiempo de producci\u00f3n de abono, biofertilizantes y remojo de semillas en 18 d\u00edas<\/p>","protected":false},"author":1,"featured_media":0,"parent":0,"menu_order":0,"comment_status":"closed","ping_status":"closed","template":"","meta":{"_et_pb_use_builder":"on","_et_pb_old_content":"","_et_gb_content_width":"","footnotes":""},"_links":{"self":[{"href":"https:\/\/remotetraining.lifeworks.global\/es\/wp-json\/wp\/v2\/pages\/4714"}],"collection":[{"href":"https:\/\/remotetraining.lifeworks.global\/es\/wp-json\/wp\/v2\/pages"}],"about":[{"href":"https:\/\/remotetraining.lifeworks.global\/es\/wp-json\/wp\/v2\/types\/page"}],"author":[{"embeddable":true,"href":"https:\/\/remotetraining.lifeworks.global\/es\/wp-json\/wp\/v2\/users\/1"}],"replies":[{"embeddable":true,"href":"https:\/\/remotetraining.lifeworks.global\/es\/wp-json\/wp\/v2\/comments?post=4714"}],"version-history":[{"count":31,"href":"https:\/\/remotetraining.lifeworks.global\/es\/wp-json\/wp\/v2\/pages\/4714\/revisions"}],"predecessor-version":[{"id":5680,"href":"https:\/\/remotetraining.lifeworks.global\/es\/wp-json\/wp\/v2\/pages\/4714\/revisions\/5680"}],"wp:attachment":[{"href":"https:\/\/remotetraining.lifeworks.global\/es\/wp-json\/wp\/v2\/media?parent=4714"}],"curies":[{"name":"wp","href":"https:\/\/api.w.org\/{rel}","templated":true}]}}