{"id":4791,"date":"2023-11-27T10:58:47","date_gmt":"2023-11-27T10:58:47","guid":{"rendered":"https:\/\/lifeworks.global\/?page_id=4791"},"modified":"2024-01-05T14:47:31","modified_gmt":"2024-01-05T14:47:31","slug":"downloading-to-your-mobile-device","status":"publish","type":"page","link":"https:\/\/remotetraining.lifeworks.global\/es\/downloading-to-your-mobile-device\/","title":{"rendered":"Descargando a tu dispositivo"},"content":{"rendered":"<p>[et_pb_section fb_built=\u201d1\u2033 _builder_version=\u201d4.14.7\u2033 _module_preset=\u201dpredeterminado\u201d color_de_fondo=\u201d#f8f7f5\u2033 relleno_personalizado=\u201d0px||0px|||\u201d global_colors_info=\u201d{}\u201d][et_pb_row _builder_version=\u201d4.14.7\u2033 _module_preset=\u201dpredeterminado\u201d ancho=\u201d90vw\u201d ancho_m\u00e1ximo=\u201d2560px\u201d altura_m\u00edn=\u201d100px\u201d relleno_personalizado=\u201d45px||0px||falso|falso\u201d global_colors_info=\u201d{}\u201d][et_pb_column type=\u201d4_4\u2033 _builder_version=\u201d4.8.0\u2033 _module_preset=\u201dpredeterminado\u201d global_colors_info=\u201d{}\u201d][et_pb_text _builder_version=\u201d4.14.7\u2033 _module_preset=\u201dpredeterminado\u201d global_colors_info=\u201d{}\u201d]<\/p>\n<h4 style=\"text-align: right;\"><strong>Capacitaci\u00f3n remota global de Lifeworks<\/strong><\/h4>\n<p>[\/et_pb_text][et_pb_text _builder_version=\u201d4.14.7\u2033 _module_preset=\u201ddefault\u201d global_colors_info=\u201d{}\u201d]<\/p>\n<h2><strong>C\u00f3mo encontrar tus descargas<\/strong><\/h2>\n<p>[\/et_pb_text][\/et_pb_column][\/et_pb_row][et_pb_row disabled_on=\u201dactivado|activado|desactivado\u201d _builder_version=\u201d4.14.7\u2033 _module_preset=\u201dpredeterminado\u201d global_colors_info=\u201d{}\u201d][et_pb_column type=\u201d4_4\u2033 _builder_version=\u201d4.14.7\u2033 _module_preset=\u201dpredeterminado\u201d global_colors_info=\u201d{}\u201d][et_pb_text _builder_version=\u201d4.14.7\u2033 _module_preset=\u201dpredeterminado\u201d global_colors_info=\u201d{}\u201d]<\/p>\n<h2>A continuaci\u00f3n te explicamos c\u00f3mo encontrar tus descargas en tu <strong>computadora<\/strong><\/h2>\n<ol>\n<li>Busque en la esquina superior derecha de su navegador el <strong>Descargas<\/strong> bot\u00f3n<img decoding=\"async\" class=\"wp-image-5355 aligncenter size-full\" src=\"https:\/\/remotetraining.lifeworks.global\/wp-content\/uploads\/2023\/12\/Download-button.png\" alt=\"\" width=\"84\" height=\"80\" srcset=\"https:\/\/remotetraining.lifeworks.global\/wp-content\/uploads\/2023\/12\/Download-button.png 84w, https:\/\/remotetraining.lifeworks.global\/wp-content\/uploads\/2023\/12\/Download-button-13x12.png 13w\" sizes=\"(max-width: 84px) 100vw, 84px\" \/><\/li>\n<li>Haga clic en el <strong>Descargas <\/strong>para revelar una lista de archivos descargados recientemente.<img fetchpriority=\"high\" decoding=\"async\" class=\"aligncenter wp-image-5359\" src=\"https:\/\/remotetraining.lifeworks.global\/wp-content\/uploads\/2023\/12\/List-of-downloads-DESKTOP.png\" alt=\"\" width=\"350\" height=\"590\" \/><\/li>\n<li>Haga clic en <strong>Mostrar todas las descargas<\/strong> para ver una lista completa de archivos descargados<\/li>\n<\/ol>\n<p>&nbsp;<\/p>\n<p>[\/et_pb_text][\/et_pb_column][\/et_pb_row][et_pb_row disabled_on=\u201doff|off|off\u201d _builder_version=\u201d4.14.7\u2033 _module_preset=\u201ddefault\u201d global_colors_info=\u201d{}\u201d][et_pb_column type=\u201d4_4\u2033 _builder_version=\u201d4.14.7\u2033 _module_preset=\u201ddefault\u201d global_colors_info=\u201d{}\u201d][et_pb_text _builder_version=\u201d4.14.7\u2033 _module_preset=\u201ddefault\u201d global_colors_info=\u201d{}\u201d]<\/p>\n<h3>Escoge tu <strong>dispositivo m\u00f3vil<\/strong> escriba para ver instrucciones para encontrar su carpeta de descargas<\/h3>\n<p>[\/et_pb_text][et_pb_toggle title=\u201dDispositivos Android (Samsung, etc.)\u201d _builder_version=\u201d4.14.7\u2033 _module_preset=\u201dpredeterminado\u201d hover_enabled=\u201d0\u2033 global_colors_info=\u201d{}\u201d sticky_enabled=\u201d0\u2033]<\/p>\n<h3>1. Desliza el dedo hacia arriba y toca la barra de b\u00fasqueda en la parte superior de la pantalla.<\/h3>\n<p><img decoding=\"async\" class=\"aligncenter wp-image-5357\" src=\"https:\/\/remotetraining.lifeworks.global\/wp-content\/uploads\/2023\/12\/Tap-on-search-bar.png\" alt=\"\" width=\"500\" height=\"298\" \/><\/p>\n<p>&nbsp;<\/p>\n<h3>2. Ingrese a &#039;Mis archivos&#039; y se mostrar\u00e1 la aplicaci\u00f3n Mis archivos.<\/h3>\n<p><img loading=\"lazy\" decoding=\"async\" class=\"aligncenter wp-image-5358\" src=\"https:\/\/remotetraining.lifeworks.global\/wp-content\/uploads\/2023\/12\/finding-my-files.png\" alt=\"\" width=\"500\" height=\"361\" \/><\/p>\n<h3>\u00a0<\/h3>\n<h3>3. Toque Descargas para ver los elementos descargados.<\/h3>\n<p><img loading=\"lazy\" decoding=\"async\" class=\"aligncenter wp-image-5592\" src=\"https:\/\/remotetraining.lifeworks.global\/wp-content\/uploads\/2024\/01\/Tap-on-Downloads-1024x840.png\" alt=\"\" width=\"500\" height=\"410\" \/><\/p>\n<p>[\/et_pb_toggle][et_pb_toggle t\u00edtulo=\u201diPhone \/ iPad\u201d _builder_version=\u201d4.14.7\u2033 _module_preset=\u201ddefault\u201d global_colors_info=\u201d{}\u201d]<\/p>\n<p>1. Junto al campo de b\u00fasqueda en Safari, toque el bot\u00f3n Configuraci\u00f3n de p\u00e1gina <img loading=\"lazy\" decoding=\"async\" class=\"alignnone wp-image-5573\" src=\"https:\/\/remotetraining.lifeworks.global\/wp-content\/uploads\/2024\/01\/Capture-decran-2024-01-05-a-14.30.09.png\" alt=\"\" width=\"50\" height=\"40\" srcset=\"https:\/\/remotetraining.lifeworks.global\/wp-content\/uploads\/2024\/01\/Capture-decran-2024-01-05-a-14.30.09.png 94w, https:\/\/remotetraining.lifeworks.global\/wp-content\/uploads\/2024\/01\/Capture-decran-2024-01-05-a-14.30.09-15x12.png 15w\" sizes=\"(max-width: 50px) 100vw, 50px\" \/><\/p>\n<p>2. Toque el bot\u00f3n Descargas <img loading=\"lazy\" decoding=\"async\" class=\"alignnone wp-image-5574\" src=\"https:\/\/remotetraining.lifeworks.global\/wp-content\/uploads\/2024\/01\/Capture-decran-2024-01-05-a-14.32.53.png\" alt=\"\" width=\"50\" height=\"47\" srcset=\"https:\/\/remotetraining.lifeworks.global\/wp-content\/uploads\/2024\/01\/Capture-decran-2024-01-05-a-14.32.53.png 66w, https:\/\/remotetraining.lifeworks.global\/wp-content\/uploads\/2024\/01\/Capture-decran-2024-01-05-a-14.32.53-13x12.png 13w\" sizes=\"(max-width: 50px) 100vw, 50px\" \/><\/p>\n<p><img loading=\"lazy\" decoding=\"async\" class=\"aligncenter wp-image-5575\" src=\"https:\/\/remotetraining.lifeworks.global\/wp-content\/uploads\/2024\/01\/iphone-downloads-menu.png\" alt=\"\" width=\"400\" height=\"354\" \/><\/p>\n<p>[\/et_pb_toggle][\/et_pb_column][\/et_pb_row][\/et_pb_section][et_pb_section fb_built=\u201d1\u2033 _builder_version=\u201d4.14.7\u2033 _module_preset=\u201ddefault\u201d global_colors_info=\u201d{}\u201d][et_pb_row estructura_columna=\u201d1_3,1_3,1_3\u2033 clase_m\u00f3dulo=\u201dBotonesDeL\u00ednea\u201d _builder_version=\u201d4.14.7\u2033 _module_preset=\u201ddefault\u201d global_colors_info=\u201d{}\u201d][et_pb_column tipo=\u201d1_3\u2033 _builder_version=\u201d4.14.7\u2033 _module_preset=\u201ddefault\u201d global_colors_info=\u201d{}\u201d][et_pb_button URL del bot\u00f3n = &quot;https:\/\/remotetraining.lifeworks.global\/ingredientes-de-compost\/&quot; Texto del bot\u00f3n = &quot;Atr\u00e1s&quot; Versi\u00f3n del generador = &quot;4.14.7&quot; Ajuste preestablecido del m\u00f3dulo = &quot;3ffee87b-a732-4d5b-8b60-137d4760d306&quot; Informaci\u00f3n global de colores = &quot;{}&quot;][\/et_pb_button][\/et_pb_column][et_pb_column tipo = &quot;1_3&quot; Versi\u00f3n del generador = &quot;4.14.7&quot; Ajuste preestablecido del m\u00f3dulo = &quot;predeterminado&quot; Informaci\u00f3n global de colores = &quot;{}&quot;][\/et_pb_column][et_pb_column tipo = &quot;1_3&quot; Versi\u00f3n del generador = &quot;4.14.7&quot; Ajuste preestablecido del m\u00f3dulo = &quot;predeterminado&quot; Informaci\u00f3n global de colores = &quot;{}&quot;][et_pb_button URL del bot\u00f3n = &quot;https:\/\/remotetraining.lifeworks.global\/descargar-los-videos-de-capacitaci\u00f3n\/&quot; Texto del bot\u00f3n = &quot;Siguiente&quot; Alineaci\u00f3n del bot\u00f3n = &quot;derecha&quot; Clase del m\u00f3dulo = &quot;bloque&quot; Versi\u00f3n del constructor = &quot;4.14.7&quot; Ajuste preestablecido del m\u00f3dulo = &quot;predeterminado&quot; Informaci\u00f3n global de colores = &quot;{}&quot;][\/et_pb_button][\/et_pb_column][\/et_pb_row][\/et_pb_section]<\/p>","protected":false},"excerpt":{"rendered":"<p>Capacitaci\u00f3n remota global de Lifeworks: C\u00f3mo encontrar tus descargas. Aqu\u00ed te explicamos c\u00f3mo encontrar tus descargas en tu computadora. Busca el bot\u00f3n &quot;Descargas&quot; en la esquina superior derecha de tu navegador. Haz clic en \u00e9l para ver una lista de los archivos descargados recientemente. Haz clic en &quot;Mostrar todas las descargas&quot; para ver la lista completa de los archivos descargados. Elige [\u2026]<\/p>","protected":false},"author":1,"featured_media":0,"parent":0,"menu_order":0,"comment_status":"closed","ping_status":"closed","template":"","meta":{"_et_pb_use_builder":"on","_et_pb_old_content":"","_et_gb_content_width":"","footnotes":""},"_links":{"self":[{"href":"https:\/\/remotetraining.lifeworks.global\/es\/wp-json\/wp\/v2\/pages\/4791"}],"collection":[{"href":"https:\/\/remotetraining.lifeworks.global\/es\/wp-json\/wp\/v2\/pages"}],"about":[{"href":"https:\/\/remotetraining.lifeworks.global\/es\/wp-json\/wp\/v2\/types\/page"}],"author":[{"embeddable":true,"href":"https:\/\/remotetraining.lifeworks.global\/es\/wp-json\/wp\/v2\/users\/1"}],"replies":[{"embeddable":true,"href":"https:\/\/remotetraining.lifeworks.global\/es\/wp-json\/wp\/v2\/comments?post=4791"}],"version-history":[{"count":58,"href":"https:\/\/remotetraining.lifeworks.global\/es\/wp-json\/wp\/v2\/pages\/4791\/revisions"}],"predecessor-version":[{"id":5595,"href":"https:\/\/remotetraining.lifeworks.global\/es\/wp-json\/wp\/v2\/pages\/4791\/revisions\/5595"}],"wp:attachment":[{"href":"https:\/\/remotetraining.lifeworks.global\/es\/wp-json\/wp\/v2\/media?parent=4791"}],"curies":[{"name":"wp","href":"https:\/\/api.w.org\/{rel}","templated":true}]}}