{"id":4904,"date":"2023-11-27T16:23:42","date_gmt":"2023-11-27T16:23:42","guid":{"rendered":"https:\/\/lifeworks.global\/?page_id=4904"},"modified":"2024-02-15T12:20:13","modified_gmt":"2024-02-15T12:20:13","slug":"download-the-training-videos","status":"publish","type":"page","link":"https:\/\/remotetraining.lifeworks.global\/es\/download-the-training-videos\/","title":{"rendered":"Descargar los v\u00eddeos de formaci\u00f3n"},"content":{"rendered":"<p>[et_pb_section fb_built=\u201d1\u2033 module_class=\u201dtraining-section\u201d _builder_version=\u201d4.14.7\u2033 _module_preset=\u201ddefault\u201d background_color=\u201d#f8f7f5\u2033 custom_padding=\u201d0px||0px|||\u201d global_colors_info=\u201d{}\u201d][et_pb_row _builder_version=\u201d4.14.7\u2033 _module_preset=\u201ddefault\u201d width=\u201d90vw\u201d max_width=\u201d2560px\u201d min_height=\u201d100px\u201d custom_padding=\u201d45px||0px||false|false\u201d global_colors_info =\u201d{}\u201d][et_pb_column type=\u201d4_4\u2033 _builder_version=\u201d4.8.0\u2033 _module_preset=\u201ddefault\u201d global_colors_info=\u201d{}\u201d][et_pb_text module_class=\u201dtraining-branding\u201d _builder_version=\u201d4.14.7\u2033 _module_preset= &quot;predeterminado&quot; global_colors_info = &quot;{}&quot;]<\/p>\n<h4 style=\"text-align: right;\"><strong>Capacitaci\u00f3n remota global de Lifeworks<\/strong><\/h4>\n<p>[\/et_pb_text][et_pb_text disabled_on=\u201dactivado|activado|desactivado\u201d _builder_version=\u201d4.14.7\u2033 _module_preset=\u201dpredeterminado\u201d custom_padding=\u201d||0px|||\u201d global_colors_info=\u201d{}\u201d]<\/p>\n<h2>Descargue los videos a su computadora, o <strong>escanea los c\u00f3digos QR<\/strong> con tu tel\u00e9fono para descargar estos videos para entrenar en el campo<\/h2>\n<p>[\/et_pb_text][et_pb_text disabled_on=\u201doff|off|on\u201d _builder_version=\u201d4.14.7\u2033 _module_preset=\u201ddefault\u201d custom_padding=\u201d||0px|||\u201d global_colors_info=\u201d{}\u201d]<\/p>\n<h2>Descarga los videos a tu dispositivo m\u00f3vil para capacitarte en el campo<\/h2>\n<p>[\/et_pb_text][\/et_pb_column][\/et_pb_row][et_pb_row _builder_version=\u201d4.14.7\u2033 _module_preset=\u201dpredeterminado\u201d global_colors_info=\u201d{}\u201d][et_pb_column type=\u201d4_4\u2033 _builder_version=\u201d4.14.7\u2033 _module_preset=\u201dpredeterminado\u201d global_colors_info=\u201d{}\u201d][et_pb_text _builder_version=\u201d4.14.7\u2033 _module_preset=\u201dpredeterminado\u201d custom_padding=\u201d||0px|||\u201d global_colors_info=\u201d{}\u201d]<\/p>\n<h1 style=\"text-align: center;\"><strong>V\u00eddeo de compostaje<\/strong><\/h1>\n<p>[\/et_pb_text][\/et_pb_column][\/et_pb_row][et_pb_row column_structure=&#8221;1_2,1_2&#8243; _builder_version=&#8221;4.14.7&#8243; _module_preset=&#8221;default&#8221; global_colors_info=&#8221;{}&#8221;][et_pb_column type=&#8221;1_2&#8243; _builder_version=&#8221;4.14.7&#8243; _module_preset=&#8221;default&#8221; global_colors_info=&#8221;{}&#8221;][et_pb_button button_url=&#8221;https:\/\/player.vimeo.com\/progressive_redirect\/download\/888716560\/rendition\/540p\/compost%20%28540p%29.mp4?loc=external&#038;signature=675e69fea4887a2b7be5987b019cde3a5d5377fe680576e4e8db2a5fcf384c20&#8243; button_text=&#8221;Download compost video&#8221; _builder_version=&#8221;4.14.7&#8243; _module_preset=&#8221;b5734160-dbc6-4ecf-bbb2-6c87ca9cc1fb&#8221; global_colors_info=&#8221;{}&#8221;][\/et_pb_button][\/et_pb_column][et_pb_column type=&#8221;1_2&#8243; _builder_version=&#8221;4.14.7&#8243; _module_preset=&#8221;default&#8221; global_colors_info=&#8221;{}&#8221;][et_pb_text disabled_on=&#8221;on|on|off&#8221; _builder_version=&#8221;4.14.7&#8243; _module_preset=&#8221;default&#8221; custom_padding=&#8221;||0px|||&#8221; global_colors_info=&#8221;{}&#8221;]<\/p>\n<h2><img fetchpriority=\"high\" decoding=\"async\" class=\"aligncenter wp-image-5367 size-medium\" src=\"https:\/\/remotetraining.lifeworks.global\/wp-content\/uploads\/2023\/12\/Compost-video-full-length-300x296.png\" alt=\"\" width=\"300\" height=\"296\" \/><\/h2>\n<p>[\/et_pb_text][\/et_pb_column][\/et_pb_row][et_pb_row _builder_version=\u201d4.14.7\u2033 _module_preset=\u201dpredeterminado\u201d global_colors_info=\u201d{}\u201d][et_pb_column type=\u201d4_4\u2033 _builder_version=\u201d4.14.7\u2033 _module_preset=\u201dpredeterminado\u201d global_colors_info=\u201d{}\u201d][et_pb_text _builder_version=\u201d4.14.7\u2033 _module_preset=\u201dpredeterminado\u201d custom_padding=\u201d||0px|||\u201d global_colors_info=\u201d{}\u201d]<\/p>\n<h1 style=\"text-align: center;\"><strong>V\u00eddeo sobre biofertilizantes proteicos<\/strong><\/h1>\n<p>[\/et_pb_text][\/et_pb_column][\/et_pb_row][et_pb_row column_structure=&#8221;1_2,1_2&#8243; _builder_version=&#8221;4.14.7&#8243; _module_preset=&#8221;default&#8221; global_colors_info=&#8221;{}&#8221;][et_pb_column type=&#8221;1_2&#8243; _builder_version=&#8221;4.14.7&#8243; _module_preset=&#8221;default&#8221; global_colors_info=&#8221;{}&#8221;][et_pb_button button_url=&#8221;https:\/\/player.vimeo.com\/progressive_redirect\/download\/888719418\/rendition\/540p\/animal_waste%20%28540p%29.mp4?loc=external&#038;signature=6ec2f6637cc79faf20f3e8fbe2eb44e12839b68b1291795edb40680e6dded8c7&#8243; button_text=&#8221;Download protein bio-fertiliser video&#8221; _builder_version=&#8221;4.14.7&#8243; _module_preset=&#8221;b5734160-dbc6-4ecf-bbb2-6c87ca9cc1fb&#8221; hover_enabled=&#8221;0&#8243; global_colors_info=&#8221;{}&#8221; sticky_enabled=&#8221;0&#8243;][\/et_pb_button][\/et_pb_column][et_pb_column type=&#8221;1_2&#8243; _builder_version=&#8221;4.14.7&#8243; _module_preset=&#8221;default&#8221; global_colors_info=&#8221;{}&#8221;][et_pb_text disabled_on=&#8221;on|on|off&#8221; _builder_version=&#8221;4.14.7&#8243; _module_preset=&#8221;default&#8221; custom_padding=&#8221;||0px|||&#8221; global_colors_info=&#8221;{}&#8221;]<\/p>\n<p><img decoding=\"async\" class=\"aligncenter wp-image-5366 size-medium\" src=\"https:\/\/remotetraining.lifeworks.global\/wp-content\/uploads\/2023\/12\/Animal-waste-video-full-length-293x300.png\" alt=\"\" width=\"293\" height=\"300\" \/><\/p>\n<p>[\/et_pb_text][\/et_pb_column][\/et_pb_row][et_pb_row _builder_version=\u201d4.14.7\u2033 _module_preset=\u201dpredeterminado\u201d global_colors_info=\u201d{}\u201d][et_pb_column type=\u201d4_4\u2033 _builder_version=\u201d4.14.7\u2033 _module_preset=\u201dpredeterminado\u201d global_colors_info=\u201d{}\u201d][et_pb_text _builder_version=\u201d4.14.7\u2033 _module_preset=\u201dpredeterminado\u201d custom_padding=\u201d||0px|||\u201d global_colors_info=\u201d{}\u201d]<\/p>\n<h1 style=\"text-align: center;\"><strong>V\u00eddeo sobre biofertilizantes l\u00e1cteos<\/strong><\/h1>\n<p>[\/et_pb_text][\/et_pb_column][\/et_pb_row][et_pb_row column_structure=&#8221;1_2,1_2&#8243; _builder_version=&#8221;4.14.7&#8243; _module_preset=&#8221;default&#8221; global_colors_info=&#8221;{}&#8221;][et_pb_column type=&#8221;1_2&#8243; _builder_version=&#8221;4.14.7&#8243; _module_preset=&#8221;default&#8221; global_colors_info=&#8221;{}&#8221;][et_pb_button button_url=&#8221;https:\/\/player.vimeo.com\/progressive_redirect\/download\/888719243\/rendition\/540p\/milk_fertiliser%20%28540p%29.mp4?loc=external&#038;signature=5b784763f05dab9f39da1c9f12472e02243b7792638ad95ad3ccd118a5ceffef&#8221; button_text=&#8221;Download milk bio-fertiliser video&#8221; _builder_version=&#8221;4.14.7&#8243; _module_preset=&#8221;b5734160-dbc6-4ecf-bbb2-6c87ca9cc1fb&#8221; global_colors_info=&#8221;{}&#8221;][\/et_pb_button][\/et_pb_column][et_pb_column type=&#8221;1_2&#8243; _builder_version=&#8221;4.14.7&#8243; _module_preset=&#8221;default&#8221; global_colors_info=&#8221;{}&#8221;][et_pb_text disabled_on=&#8221;on|on|off&#8221; _builder_version=&#8221;4.14.7&#8243; _module_preset=&#8221;default&#8221; custom_padding=&#8221;||0px|||&#8221; global_colors_info=&#8221;{}&#8221;]<\/p>\n<h2><img decoding=\"async\" class=\"aligncenter wp-image-5368 size-medium\" src=\"https:\/\/remotetraining.lifeworks.global\/wp-content\/uploads\/2023\/12\/Milk-Video-full-length-292x300.png\" alt=\"\" width=\"292\" height=\"300\" \/><\/h2>\n<p>[\/et_pb_text][\/et_pb_column][\/et_pb_row][\/et_pb_section][et_pb_section fb_built=\u201d1\u2033 _builder_version=\u201d4.14.7\u2033 _module_preset=\u201ddefault\u201d global_colors_info=\u201d{}\u201d][et_pb_row estructura_columna=\u201d1_3,1_3,1_3\u2033 clase_m\u00f3dulo=\u201dBotonesDeL\u00ednea\u201d _builder_version=\u201d4.14.7\u2033 _module_preset=\u201ddefault\u201d global_colors_info=\u201d{}\u201d][et_pb_column tipo=\u201d1_3\u2033 _builder_version=\u201d4.14.7\u2033 _module_preset=\u201ddefault\u201d global_colors_info=\u201d{}\u201d][et_pb_button URL del bot\u00f3n = &quot;https:\/\/remotetraining.lifeworks.global\/fish-1-fish-bio-fertilizer-preparation&quot; Texto del bot\u00f3n = &quot;Atr\u00e1s&quot; Versi\u00f3n del constructor = &quot;4.14.7&quot; Ajuste preestablecido del m\u00f3dulo = &quot;3ffee87b-a732-4d5b-8b60-137d4760d306&quot; Informaci\u00f3n global de colores = &quot;{}&quot;][\/et_pb_button][\/et_pb_column][et_pb_column tipo = &quot;1_3&quot; Versi\u00f3n del constructor = &quot;4.14.7&quot; Ajuste preestablecido del m\u00f3dulo = &quot;predeterminado&quot; Informaci\u00f3n global de colores = &quot;{}&quot;][\/et_pb_column][et_pb_column tipo = &quot;1_3&quot; Versi\u00f3n del constructor = &quot;4.14.7&quot; Ajuste preestablecido del m\u00f3dulo = &quot;predeterminado&quot; Informaci\u00f3n global de colores = &quot;{}&quot;][et_pb_button URL del bot\u00f3n = &quot;https:\/\/remotetraining.lifeworks.global\/consejos-de-expertos-preguntas-y-respuestas\/&quot; Texto del bot\u00f3n = &quot;Siguiente&quot; Alineaci\u00f3n del bot\u00f3n = &quot;derecha&quot; Clase del m\u00f3dulo = &quot;bloque&quot; Versi\u00f3n del constructor = &quot;4.14.7&quot; Ajuste preestablecido del m\u00f3dulo = &quot;predeterminado&quot; Informaci\u00f3n global de colores = &quot;{}&quot;][\/et_pb_button][\/et_pb_column][\/et_pb_row][\/et_pb_section]<\/p>","protected":false},"excerpt":{"rendered":"<p>Capacitaci\u00f3n remota global de Lifeworks Descargue los videos a su computadora o escanee los c\u00f3digos QR con su tel\u00e9fono para descargar estos videos y capacitarse en el campo Descargue los videos a su dispositivo m\u00f3vil para capacitarse en el campo Video sobre compost Video sobre biofertilizantes proteicos Video sobre biofertilizantes l\u00e1cteos<\/p>","protected":false},"author":1,"featured_media":0,"parent":0,"menu_order":0,"comment_status":"closed","ping_status":"closed","template":"","meta":{"_et_pb_use_builder":"on","_et_pb_old_content":"","_et_gb_content_width":"","footnotes":""},"_links":{"self":[{"href":"https:\/\/remotetraining.lifeworks.global\/es\/wp-json\/wp\/v2\/pages\/4904"}],"collection":[{"href":"https:\/\/remotetraining.lifeworks.global\/es\/wp-json\/wp\/v2\/pages"}],"about":[{"href":"https:\/\/remotetraining.lifeworks.global\/es\/wp-json\/wp\/v2\/types\/page"}],"author":[{"embeddable":true,"href":"https:\/\/remotetraining.lifeworks.global\/es\/wp-json\/wp\/v2\/users\/1"}],"replies":[{"embeddable":true,"href":"https:\/\/remotetraining.lifeworks.global\/es\/wp-json\/wp\/v2\/comments?post=4904"}],"version-history":[{"count":35,"href":"https:\/\/remotetraining.lifeworks.global\/es\/wp-json\/wp\/v2\/pages\/4904\/revisions"}],"predecessor-version":[{"id":5683,"href":"https:\/\/remotetraining.lifeworks.global\/es\/wp-json\/wp\/v2\/pages\/4904\/revisions\/5683"}],"wp:attachment":[{"href":"https:\/\/remotetraining.lifeworks.global\/es\/wp-json\/wp\/v2\/media?parent=4904"}],"curies":[{"name":"wp","href":"https:\/\/api.w.org\/{rel}","templated":true}]}}