{"id":5056,"date":"2023-11-27T18:18:33","date_gmt":"2023-11-27T18:18:33","guid":{"rendered":"https:\/\/lifeworks.global\/?page_id=5056"},"modified":"2023-11-28T08:47:17","modified_gmt":"2023-11-28T08:47:17","slug":"do-you-know-where-to-find-your-downloads","status":"publish","type":"page","link":"https:\/\/remotetraining.lifeworks.global\/es\/do-you-know-where-to-find-your-downloads\/","title":{"rendered":"\u00bfSabes d\u00f3nde encontrar tus descargas?"},"content":{"rendered":"<p>[et_pb_section fb_built=\u201d1\u2033 module_class=\u201dsecci\u00f3n-de-entrenamiento\u201d _builder_version=\u201d4.14.7\u2033 _module_preset=\u201dpredeterminado\u201d background_color=\u201d#f8f7f5\u2033 custom_padding=\u201d0px||0px|||\u201d Informaci\u00f3n global de colores = &quot;{}&quot;][et_pb_row clase_m\u00f3dulo = &quot;secci\u00f3n de entrenamiento&quot; _builder_version = &quot;4.14.7&quot; _module_preset = &quot;predeterminado&quot; ancho = &quot;90vw&quot; ancho_m\u00e1ximo = &quot;2560px&quot; altura_m\u00ednima = &quot;100px&quot; relleno_personalizado = &quot;45px||0px||falso|falso] Informaci\u00f3n global de colores = &quot;{}&quot;][et_pb_column tipo = &quot;4_4&quot; _builder_version = &quot;4.8.0&quot; _module_preset = &quot;predeterminado&quot; Informaci\u00f3n global de colores = &quot;{}&quot;][et_pb_text etiqueta_admin = &quot;Texto&quot; _builder_version = &quot;4.14.7&quot; _module_preset = &quot;predeterminado&quot; hover_enabled = &quot;0&quot; Informaci\u00f3n global de colores = &quot;{}&quot; m\u00f3dulo_clase=\u201dformaci\u00f3n-marca\u201d sticky_enabled=\u201d0\u2033]<\/p>\n<h4 style=\"text-align: right;\"><strong>Capacitaci\u00f3n remota global de Lifeworks<\/strong><\/h4>\n<p>[\/et_pb_text][et_pb_text _builder_version=\u201d4.14.7\u2033 _module_preset=\u201ddefault\u201d global_colors_info=\u201d{}\u201d]<\/p>\n<h3 style=\"text-align: center;\">Le recomendamos que descargue videos de capacitaci\u00f3n y consejos de expertos para que pueda capacitarse en el campo. Por lo general, se almacenar\u00e1n en su carpeta de Descargas.<\/h3>\n<p>&nbsp;<\/p>\n<h3 style=\"text-align: center;\">\u00bfSabes d\u00f3nde encontrar tu <strong>Descargas<\/strong>?<\/h3>\n<p>[\/et_pb_text][\/et_pb_column][\/et_pb_row][\/et_pb_section][et_pb_section fb_built=\u201d1\u2033 _builder_version=\u201d4.14.7\u2033 _module_preset=\u201ddefault\u201d global_colors_info=\u201d{}\u201d][et_pb_row estructura_columna=\u201d1_3,1_3,1_3\u2033 clase_m\u00f3dulo=\u201dBotonesDeL\u00ednea\u201d _builder_version=\u201d4.14.7\u2033 _module_preset=\u201ddefault\u201d global_colors_info=\u201d{}\u201d][et_pb_column tipo=\u201d1_3\u2033 _builder_version=\u201d4.14.7\u2033 _module_preset=\u201ddefault\u201d global_colors_info=\u201d{}\u201d][et_pb_button URL del bot\u00f3n = &quot;https:\/\/remotetraining.lifeworks.global\/ingredientes-de-pescado\/&quot; Texto del bot\u00f3n = &quot;Atr\u00e1s&quot; Versi\u00f3n del generador = &quot;4.14.7&quot; Ajuste preestablecido del m\u00f3dulo = &quot;3ffee87b-a732-4d5b-8b60-137d4760d306&quot; Informaci\u00f3n de colores globales = &quot;{}&quot;][\/et_pb_button][\/et_pb_column][et_pb_column type = &quot;1_3&quot; Versi\u00f3n del generador = &quot;4.14.7&quot; Ajuste preestablecido del m\u00f3dulo = &quot;predeterminado&quot; Informaci\u00f3n de colores globales = &quot;{}&quot;][et_pb_button URL del bot\u00f3n = &quot;https:\/\/remotetraining.lifeworks.global\/descargando-a-su-dispositivo-m\u00f3vil\/&quot; Texto del bot\u00f3n = &quot;No&quot; Alineaci\u00f3n del bot\u00f3n = &quot;derecha&quot; Clase del m\u00f3dulo = &quot;bloque&quot; Versi\u00f3n del constructor = 4.14.7. Ajuste preestablecido del m\u00f3dulo = predeterminado. Informaci\u00f3n de colores globales = {}. ][\/et_pb_button][\/et_pb_column][et_pb_column type = 1_3. Versi\u00f3n del constructor = 4.14.7. Ajuste preestablecido del m\u00f3dulo = predeterminado. Informaci\u00f3n de colores globales = {}. ][et_pb_button URL del bot\u00f3n = https:\/\/remotetraining.lifeworks.global\/descargar-los-videos-de-capacitaci\u00f3n\/ Texto del bot\u00f3n = S\u00ed. Alineaci\u00f3n del bot\u00f3n = centrar. Clase del m\u00f3dulo = bloque. Versi\u00f3n del constructor = 4.14.7. Ajuste preestablecido del m\u00f3dulo = predeterminado. informaci\u00f3n_de_colores_globales=\u201d{}\u201d][\/et_pb_button][\/et_pb_column][\/et_pb_row][\/et_pb_section]<\/p>","protected":false},"excerpt":{"rendered":"<p>Capacitaci\u00f3n remota global de Lifeworks. Le recomendamos descargar videos de capacitaci\u00f3n y consejos de expertos para que pueda capacitarse en el campo. Estos generalmente se guardan en su carpeta de Descargas. \u00bfSabe d\u00f3nde encontrar sus Descargas?<\/p>","protected":false},"author":1,"featured_media":0,"parent":0,"menu_order":0,"comment_status":"closed","ping_status":"closed","template":"","meta":{"_et_pb_use_builder":"on","_et_pb_old_content":"","_et_gb_content_width":"","footnotes":""},"_links":{"self":[{"href":"https:\/\/remotetraining.lifeworks.global\/es\/wp-json\/wp\/v2\/pages\/5056"}],"collection":[{"href":"https:\/\/remotetraining.lifeworks.global\/es\/wp-json\/wp\/v2\/pages"}],"about":[{"href":"https:\/\/remotetraining.lifeworks.global\/es\/wp-json\/wp\/v2\/types\/page"}],"author":[{"embeddable":true,"href":"https:\/\/remotetraining.lifeworks.global\/es\/wp-json\/wp\/v2\/users\/1"}],"replies":[{"embeddable":true,"href":"https:\/\/remotetraining.lifeworks.global\/es\/wp-json\/wp\/v2\/comments?post=5056"}],"version-history":[{"count":7,"href":"https:\/\/remotetraining.lifeworks.global\/es\/wp-json\/wp\/v2\/pages\/5056\/revisions"}],"predecessor-version":[{"id":5209,"href":"https:\/\/remotetraining.lifeworks.global\/es\/wp-json\/wp\/v2\/pages\/5056\/revisions\/5209"}],"wp:attachment":[{"href":"https:\/\/remotetraining.lifeworks.global\/es\/wp-json\/wp\/v2\/media?parent=5056"}],"curies":[{"name":"wp","href":"https:\/\/api.w.org\/{rel}","templated":true}]}}