{"id":234,"date":"2019-11-04T21:19:52","date_gmt":"2019-11-04T21:19:52","guid":{"rendered":"https:\/\/lifeworks.global\/?page_id=234"},"modified":"2019-11-06T20:48:45","modified_gmt":"2019-11-06T20:48:45","slug":"terms-conditions","status":"publish","type":"page","link":"https:\/\/remotetraining.lifeworks.global\/fr\/terms-conditions\/","title":{"rendered":"CONDITIONS G\u00c9N\u00c9RALES"},"content":{"rendered":"<p><strong>Introduction<\/strong><\/p>\n<p>Les pr\u00e9sentes conditions g\u00e9n\u00e9rales r\u00e9gissent votre utilisation de notre site web\u00a0; en utilisant notre site web, vous les acceptez dans leur int\u00e9gralit\u00e9. Si vous n&#039;\u00eates pas d&#039;accord avec une quelconque partie de ces conditions, veuillez ne pas utiliser notre site web.<\/p>\n<p><strong>Droits de propri\u00e9t\u00e9 intellectuelle<\/strong><\/p>\n<p>Sauf mention contraire, nous ou nos conc\u00e9dants de licence d\u00e9tenons les droits de propri\u00e9t\u00e9 intellectuelle sur le site web et son contenu. Sous r\u00e9serve de la licence ci-dessous, tous nos droits de propri\u00e9t\u00e9 intellectuelle sont r\u00e9serv\u00e9s.<\/p>\n<p><strong>Licence d&#039;utilisation du site Web<\/strong><\/p>\n<p>Vous pouvez consulter, t\u00e9l\u00e9charger \u00e0 des fins de mise en cache uniquement et imprimer des pages du site Web, \u00e0 condition que :<\/p>\n<p>(a) vous ne devez pas republier le contenu de ce site Web (y compris la republication sur un autre site Web), ni reproduire ou stocker le contenu de ce site Web dans un syst\u00e8me de r\u00e9cup\u00e9ration \u00e9lectronique public ou priv\u00e9\u00a0;<\/p>\n<p>(b) vous ne devez pas reproduire, dupliquer, copier, vendre, revendre, visiter ou exploiter de toute autre mani\u00e8re notre site Web ou le mat\u00e9riel sur notre site Web \u00e0 des fins commerciales, sans notre consentement \u00e9crit expr\u00e8s\u00a0;<\/p>\n<p>(c) vous ne devez pas \u00e9diter ou modifier de quelque mani\u00e8re que ce soit tout \u00e9l\u00e9ment du site Web.<\/p>\n<p><strong>Limitations de responsabilit\u00e9<\/strong><\/p>\n<p>Les informations sur ce site Web sont fournies gratuitement et vous reconnaissez qu&#039;il serait d\u00e9raisonnable de nous tenir responsables de ce site Web et des informations qu&#039;il contient.<\/p>\n<p>Bien que nous nous efforcions de garantir que les informations sur ce site Web sont correctes, nous ne garantissons pas leur exhaustivit\u00e9 ou leur exactitude ; nous ne nous engageons pas non plus \u00e0 garantir que le site Web reste disponible ou que le contenu de ce site Web est tenu \u00e0 jour.<\/p>\n<p>Dans la mesure maximale permise par la loi applicable, nous excluons toutes les repr\u00e9sentations, garanties et conditions (y compris, sans limitation, les conditions impliqu\u00e9es par la loi de qualit\u00e9 satisfaisante, d&#039;ad\u00e9quation \u00e0 l&#039;usage et d&#039;utilisation de soins et de comp\u00e9tences raisonnables).<\/p>\n<p>Notre responsabilit\u00e9 est limit\u00e9e et exclue dans la mesure maximale autoris\u00e9e par la loi applicable. Nous d\u00e9clinons toute responsabilit\u00e9 en cas de perte ou de dommage direct, indirect ou cons\u00e9cutif d\u00e9coulant des pr\u00e9sentes conditions g\u00e9n\u00e9rales ou en lien avec notre site web, qu&#039;il soit d\u00e9lictuel, contractuel ou autre, y compris, sans s&#039;y limiter, toute perte de profit, de contrat, d&#039;activit\u00e9, de client\u00e8le, de donn\u00e9es, de revenus ou d&#039;\u00e9conomies anticip\u00e9es.<\/p>\n<p>Toutefois, rien dans ces termes et conditions n&#039;exclut ou ne limite notre responsabilit\u00e9 en cas de fraude, de d\u00e9c\u00e8s ou de blessure corporelle caus\u00e9s par notre n\u00e9gligence, ou pour toute autre responsabilit\u00e9 qui ne peut \u00eatre exclue ou limit\u00e9e en vertu de la loi applicable.<\/p>\n<p><strong>Acc\u00e8s restreint<\/strong><\/p>\n<p>L&#039;acc\u00e8s \u00e0 certaines zones de notre site web est restreint. Nous nous r\u00e9servons le droit de restreindre l&#039;acc\u00e8s \u00e0 certaines zones de notre site web, voire \u00e0 l&#039;ensemble de celui-ci, \u00e0 notre discr\u00e9tion.<\/p>\n<p>Si nous vous fournissons un identifiant utilisateur et un mot de passe pour vous permettre d&#039;acc\u00e9der \u00e0 des zones restreintes de notre site Web ou \u00e0 d&#039;autres contenus ou services, vous devez vous assurer que cet identifiant utilisateur et ce mot de passe restent confidentiels.<\/p>\n<p>Vous acceptez la responsabilit\u00e9 de toutes les activit\u00e9s effectu\u00e9es avec votre identifiant ou votre mot de passe. Nous pouvons d\u00e9sactiver votre identifiant et votre mot de passe \u00e0 notre enti\u00e8re discr\u00e9tion.<\/p>\n<p><strong>Variation<\/strong><\/p>\n<p>Nous sommes susceptibles de modifier ces conditions g\u00e9n\u00e9rales de temps \u00e0 autre. Veuillez consulter r\u00e9guli\u00e8rement cette page pour vous assurer de prendre connaissance de la version la plus r\u00e9cente.<\/p>\n<p><strong>Int\u00e9gralit\u00e9 de l&#039;accord<\/strong><\/p>\n<p>Ces termes et conditions, ainsi que notre politique de confidentialit\u00e9, constituent l&#039;int\u00e9gralit\u00e9 de l&#039;accord entre vous et nous concernant votre utilisation de notre site Web et remplacent tous les accords pr\u00e9c\u00e9dents concernant votre utilisation de ce site Web.<\/p>\n<p><strong>Droit et juridiction<\/strong><\/p>\n<p>Cet avis sera r\u00e9gi et interpr\u00e9t\u00e9 conform\u00e9ment au droit anglais, et tout litige relatif \u00e0 cet avis sera soumis \u00e0 la juridiction exclusive des tribunaux d&#039;Angleterre.<\/p>","protected":false},"excerpt":{"rendered":"<p>Introduction Les pr\u00e9sentes conditions g\u00e9n\u00e9rales r\u00e9gissent votre utilisation de notre site web\u00a0; en utilisant notre site web, vous les acceptez dans leur int\u00e9gralit\u00e9. Si vous n&#039;\u00eates pas d&#039;accord avec une quelconque partie de ces conditions, veuillez ne pas utiliser notre site web. Droits de propri\u00e9t\u00e9 intellectuelle. Sauf mention contraire, nous ou nos conc\u00e9dants de licence d\u00e9tenons les droits de propri\u00e9t\u00e9 intellectuelle sur [\u2026]<\/p>","protected":false},"author":1,"featured_media":0,"parent":0,"menu_order":0,"comment_status":"closed","ping_status":"open","template":"page-templates\/full-width.php","meta":{"_et_pb_use_builder":"","_et_pb_old_content":"","_et_gb_content_width":"","footnotes":""},"_links":{"self":[{"href":"https:\/\/remotetraining.lifeworks.global\/fr\/wp-json\/wp\/v2\/pages\/234"}],"collection":[{"href":"https:\/\/remotetraining.lifeworks.global\/fr\/wp-json\/wp\/v2\/pages"}],"about":[{"href":"https:\/\/remotetraining.lifeworks.global\/fr\/wp-json\/wp\/v2\/types\/page"}],"author":[{"embeddable":true,"href":"https:\/\/remotetraining.lifeworks.global\/fr\/wp-json\/wp\/v2\/users\/1"}],"replies":[{"embeddable":true,"href":"https:\/\/remotetraining.lifeworks.global\/fr\/wp-json\/wp\/v2\/comments?post=234"}],"version-history":[{"count":0,"href":"https:\/\/remotetraining.lifeworks.global\/fr\/wp-json\/wp\/v2\/pages\/234\/revisions"}],"wp:attachment":[{"href":"https:\/\/remotetraining.lifeworks.global\/fr\/wp-json\/wp\/v2\/media?parent=234"}],"curies":[{"name":"wp","href":"https:\/\/api.w.org\/{rel}","templated":true}]}}