{"id":238,"date":"2019-11-04T21:22:58","date_gmt":"2019-11-04T21:22:58","guid":{"rendered":"https:\/\/lifeworks.global\/?page_id=238"},"modified":"2021-02-12T12:19:08","modified_gmt":"2021-02-12T12:19:08","slug":"use-of-cookies","status":"publish","type":"page","link":"https:\/\/remotetraining.lifeworks.global\/fr\/use-of-cookies\/","title":{"rendered":"Utilisation des cookies"},"content":{"rendered":"<p>[et_pb_section fb_built=\u201d1\u2033 fullwidth=\u201don\u201d _builder_version=\u201d4.7.7\u2033 _module_preset=\u201ddefault\u201d custom_padding=\u201d||||true|false\u201d][et_pb_fullwidth_post_title meta=\u201doff\u201d feature_image=\u201doff\u201d _builder_version= \u201d4.7.7\u2033 _module_preset=\u201ddefault\u201d title_text_align=\u201dcenter\u201d title_text_color=\u201d#ffffff\u201d background_color=\u201d#69bd45\u2033 custom_padding=\u201d15px||15px||true|false\u201d title_font_size_tablet=\u201d32px\u201d title_font_size_phone=\u201d24px\u201d \u00e9dit\u00e9 = \u201dsur|t\u00e9l\u00e9phone\u201d][\/et_pb_fullwidth_post_title][\/et_pb_section][et_pb_section fb_built=\u201d1\u2033 _builder_version=\u201d3.22\u2033][et_pb_row _builder_version=\u201d3.25\u2033 background_size=\u201dinitial\u201d background_position=\u201dtop_left\u201d background_repeat=\u201drepeat\u201d] [et_pb_column type=\u201d4_4\u2033 _builder_version=\u201d3.25\u2033 custom_padding=\u201d|||\u201d custom_padding__hover=\u201d|||\u201d][et_pb_text _builder_version=\u201d3.27.4\u2033 background_size=\u201dinitial\u201d background_position=\u201dtop_left\u201d background_repeat=\u201drepeat\u201d]<strong>D\u00e9claration de confidentialit\u00e9\u00a0: comment nous utilisons les cookies<\/strong><\/p>\n<p>Les cookies sont de tr\u00e8s petits fichiers texte stock\u00e9s sur votre ordinateur lorsque vous visitez certains sites Web.<\/p>\n<p>Vous pouvez d\u00e9sactiver tous les cookies d\u00e9j\u00e0 stock\u00e9s sur votre ordinateur, mais ceux-ci peuvent emp\u00eacher notre site Web de fonctionner correctement.<\/p>\n<p>Les \u00e9l\u00e9ments suivants sont n\u00e9cessaires pour vous offrir la meilleure exp\u00e9rience utilisateur et \u00e9galement pour nous indiquer les pages que vous trouvez les plus int\u00e9ressantes (de mani\u00e8re anonyme).<\/p>\n<p><strong>Cookies fonctionnels<\/strong><\/p>\n<p>Ce site Web\u00a0:<\/p>\n<ul>\n<li>Suivez les pages que vous visitez via Google Analytics<\/li>\n<\/ul>\n<p><strong>Ciblage des cookies<\/strong><\/p>\n<p>Ce site Web\u00a0:<\/p>\n<ul>\n<li>Vous permettre de partager des pages avec des r\u00e9seaux sociaux tels que Facebook (si disponible)<\/li>\n<li>Vous permettre de partager des pages via Ajouter ceci<\/li>\n<\/ul>\n<p><strong>Ce site Web ne sera pas<\/strong><\/p>\n<ul>\n<li>Partagez toute information personnelle avec des tiers.<\/li>\n<\/ul>\n<p>[\/et_pb_text][\/et_pb_column][\/et_pb_row][\/et_pb_section]<\/p>","protected":false},"excerpt":{"rendered":"<p>D\u00e9claration de confidentialit\u00e9 : Comment nous utilisons les cookies Les cookies sont de tr\u00e8s petits fichiers texte qui sont stock\u00e9s sur votre ordinateur lorsque vous visitez certains sites Web. Vous pouvez d\u00e9sactiver tous les cookies d\u00e9j\u00e0 stock\u00e9s sur votre ordinateur, mais ceux-ci peuvent emp\u00eacher notre site Web de fonctionner correctement. Les \u00e9l\u00e9ments suivants sont n\u00e9cessaires pour vous offrir la meilleure exp\u00e9rience utilisateur et [\u2026]<\/p>","protected":false},"author":1,"featured_media":0,"parent":0,"menu_order":0,"comment_status":"closed","ping_status":"open","template":"","meta":{"_et_pb_use_builder":"on","_et_pb_old_content":"<p><strong>Privacy Statement:\u00a0 How we use Cookies<\/strong><\/p><p>Cookies are very small text files that are stored on your computer when you visit some websites.<\/p><p>You can disable any cookies already stored on your computer, but these may stop our website from functioning properly.<\/p><p>The following \u00a0are required to provide you with the best user experience and also to tell us which pages you find most interesting (anonymously).<\/p><p><strong>Functional Cookies<\/strong><\/p><p>This Website Will:<\/p><ul><li>Track the pages you visits via Google Analytics<\/li><\/ul><p><strong>Targeting Cookies<\/strong><\/p><p>This Website Will:<\/p><ul><li>Allow you to share pages with social networks such as Facebook (If available)<\/li><li>Allow you to share pages via Add This<\/li><\/ul><p><strong>This website will not<\/strong><\/p><ul><li>Share any personal information with third parties.<\/li><\/ul>","_et_gb_content_width":"","footnotes":""},"_links":{"self":[{"href":"https:\/\/remotetraining.lifeworks.global\/fr\/wp-json\/wp\/v2\/pages\/238"}],"collection":[{"href":"https:\/\/remotetraining.lifeworks.global\/fr\/wp-json\/wp\/v2\/pages"}],"about":[{"href":"https:\/\/remotetraining.lifeworks.global\/fr\/wp-json\/wp\/v2\/types\/page"}],"author":[{"embeddable":true,"href":"https:\/\/remotetraining.lifeworks.global\/fr\/wp-json\/wp\/v2\/users\/1"}],"replies":[{"embeddable":true,"href":"https:\/\/remotetraining.lifeworks.global\/fr\/wp-json\/wp\/v2\/comments?post=238"}],"version-history":[{"count":0,"href":"https:\/\/remotetraining.lifeworks.global\/fr\/wp-json\/wp\/v2\/pages\/238\/revisions"}],"wp:attachment":[{"href":"https:\/\/remotetraining.lifeworks.global\/fr\/wp-json\/wp\/v2\/media?parent=238"}],"curies":[{"name":"wp","href":"https:\/\/api.w.org\/{rel}","templated":true}]}}