{"id":3077,"date":"2023-10-19T15:54:57","date_gmt":"2023-10-19T15:54:57","guid":{"rendered":"https:\/\/lifeworks.global\/?page_id=3077"},"modified":"2023-12-26T09:47:49","modified_gmt":"2023-12-26T09:47:49","slug":"remote-training","status":"publish","type":"page","link":"https:\/\/remotetraining.lifeworks.global\/fr\/","title":{"rendered":"Formation 1\u00a0: Bienvenue dans la formation \u00e0 distance mondiale Lifeworks"},"content":{"rendered":"<p>[et_pb_section fb_built=\u201d1\u2033 module_class=\u201dtraining-section\u201d _builder_version=\u201d4.14.7\u2033 _module_preset=\u201ddefault\u201d background_color=\u201d#f8f7f5\u2033 custom_padding=\u201d0px||0px|||\u201d global_colors_info=\u201d{}\u201d][et_pb_row _builder_version=\u201d4.14.7\u2033 _module_preset=\u201ddefault\u201d width=\u201d90vw\u201d max_width=\u201d2560px\u201d min_height=\u201d100px\u201d custom_padding=\u201d45px||0px||false|false\u201d global_colors_info =\u201d{}\u201d][et_pb_column type=\u201d4_4\u2033 _builder_version=\u201d4.8.0\u2033 _module_preset=\u201ddefault\u201d global_colors_info=\u201d{}\u201d][et_pb_text module_class=\u201dtraining-branding\u201d _builder_version=\u201d4.14.7\u2033 _module_preset= &quot;par d\u00e9faut&quot; global_colors_info = &quot;{}&quot;]<\/p>\n<h4 style=\"text-align: right;\"><strong>Formation \u00e0 distance de Lifeworks Global<\/strong><\/h4>\n<p>[\/et_pb_text][et_pb_text _builder_version=\u201d4.14.7\u2033 _module_preset=\u201ddefault\u201d global_colors_info=\u201d{}\u201d]<\/p>\n<h1 class=\"p1\" style=\"text-align: center;\"><strong>Transformez votre exploitation, doublez vos rendements gr\u00e2ce \u00e0 la technologie biologique gratuite<\/strong><\/h1>\n<p>[\/et_pb_text][\/et_pb_column][\/et_pb_row][et_pb_row column_structure=\u201d1_2,1_2\u2033 _builder_version=\u201d4.14.7\u2033 _module_preset=\u201ddefault\u201d global_colors_info=\u201d{}\u201d][et_pb_column type=\u201d1_2\u2033 _builder_version=\u201d 4.14.7\u2033 _module_preset=\u201ddefault\u201d global_colors_info=\u201d{}\u201d][et_pb_text _builder_version=\u201d4.14.7\u2033 _module_preset=\u201ddefault\u201d text_font_size=\u201d22px\u201d text_line_height=\u201d1.3em\u201d custom_padding=\u201d||0px||| \u00bb text_font_size_tablet=\u201d\u201d text_font_size_phone=\u201d18px\u201d text_font_size_last_edited=\u201don|phone\u201d global_colors_info=\u201d{}\u201d]<\/p>\n<h2>de cette...<\/h2>\n<p>[\/et_pb_text][et_pb_image alt=\u201dAvant l&#039;entra\u00eenement\u201d title_text=\u201dAvant l&#039;entra\u00eenement\u201d _builder_version=\u201d4.14.7\u2033 _module_preset=\u201ddefault\u201d width=\u201d100%\u201d max_width=\u201d67%\u201d hover_enabled=\u201d0\u2033 global_colors_info=\u201d{} \u201d sticky_enabled=\u201d0\u2033 src=\u201dhttps:\/\/remotetraining.lifeworks.global\/wp-content\/uploads\/2023\/12\/1-The-before.jpeg\u201d][\/et_pb_image][\/et_pb_column][et_pb_column type= \u201d1_2\u2033 _builder_version=\u201d4.14.7\u2033 _module_preset=\u201ddefault\u201d global_colors_info=\u201d{}\u201d][et_pb_text _builder_version=\u201d4.14.7\u2033 _module_preset=\u201ddefault\u201d text_font_size=\u201d22px\u201d text_line_height=\u201d1.3em\u201d custom_padding=\u201d ||0px|||\u201d text_font_size_tablet=\u201d\u201d text_font_size_phone=\u201d18px\u201d text_font_size_last_edited=\u201don|phone\u201d global_colors_info=\u201d{}\u201d]<\/p>\n<h2 style=\"text-align: left;\">...dans ce<\/h2>\n<p>[\/et_pb_text][et_pb_image title_text=\u201dAbondance\u201d align=\u201dright\u201d _builder_version=\u201d4.14.7\u2033 _module_preset=\u201ddefault\u201d width=\u201d100%\u201d max_width=\u201d67%\u201d hover_enabled=\u201d0\u2033 global_colors_info=\u201d{}\u201d alt =\u201dAbondance\u201d src=\u201dhttps:\/\/remotetraining.lifeworks.global\/wp-content\/uploads\/2023\/12\/6-Abundance.jpeg\u201d sticky_enabled=\u201d0\u2033][\/et_pb_image][\/et_pb_column][\/et_pb_row ][et_pb_row _builder_version=\u201d4.14.7\u2033 _module_preset=\u201ddefault\u201d global_colors_info=\u201d{}\u201d][et_pb_column type=\u201d4_4\u2033 _builder_version=\u201d4.14.7\u2033 _module_preset=\u201ddefault\u201d global_colors_info=\u201d{}\u201d][et_pb_text _builder_version=\u201d4.14.7\u2033 _module_preset=\u201ddefault\u201d global_colors_info=\u201d{}\u201d]<\/p>\n<h2 class=\"p1\">Pour l'agriculteur local, c'est toute la diff\u00e9rence dans le <strong>premi\u00e8re r\u00e9colte<\/strong><\/h2>\n<p>[\/et_pb_text][\/et_pb_column][\/et_pb_row][et_pb_row column_structure=\u201d1_2,1_2\u2033 _builder_version=\u201d4.14.7\u2033 _module_preset=\u201ddefault\u201d global_colors_info=\u201d{}\u201d][et_pb_column type=\u201d1_2\u2033 _builder_version=\u201d 4.14.7\u2033 _module_preset=\u201ddefault\u201d global_colors_info=\u201d{}\u201d][et_pb_text _builder_version=\u201d4.14.7\u2033 _module_preset=\u201ddefault\u201d text_font_size=\u201d22px\u201d text_line_height=\u201d1.3em\u201d custom_padding=\u201d||0px||| \u00bb text_font_size_tablet=\u201d\u201d text_font_size_phone=\u201d18px\u201d text_font_size_last_edited=\u201don|phone\u201d global_colors_info=\u201d{}\u201d]<\/p>\n<h2>Avant...<\/h2>\n<p>[\/et_pb_text][et_pb_image alt=\u201dCulture d\u00e9vast\u00e9e\u201d title_text=\u201dCl\u00e9mentine avant entra\u00eenement\u201d _builder_version=\u201d4.14.7\u2033 _module_preset=\u201ddefault\u201d width=\u201d100%\u201d max_width=\u201d67%\u201d hover_enabled=\u201d0\u2033 global_colors_info=\u201d{ }\u201d src =\u201dhttps:\/\/remotetraining.lifeworks.global\/wp-content\/uploads\/2023\/12\/Clementine-Before.png\u201d sticky_enabled=\u201d0\u2033][\/et_pb_image][\/et_pb_column][et_pb_column type=\u201d 1_2\u2033 _builder_version=\u201d4.14.7\u2033 _module_preset=\u201ddefault\u201d global_colors_info=\u201d{}\u201d][et_pb_text _builder_version=\u201d4.14.7\u2033 _module_preset=\u201ddefault\u201d text_font_size=\u201d22px\u201d text_line_height=\u201d1.3em\u201d custom_padding=\u201d| |0px|||\u201d text_font_size_tablet=\u201d\u201d text_font_size_phone=\u201d18px\u201d text_font_size_last_edited=\u201don|phone\u201d global_colors_info=\u201d{}\u201d]<\/p>\n<h2 style=\"text-align: left;\">...et apr\u00e8s<\/h2>\n<p>[\/et_pb_text][et_pb_image title_text=\u201dCl\u00e9mentine apr\u00e8s entra\u00eenement\u201d align=\u201dright\u201d _builder_version=\u201d4.14.7\u2033 _module_preset=\u201ddefault\u201d width=\u201d100%\u201d max_width=\u201d67%\u201d hover_enabled=\u201d0\u2033 global_colors_info=\u201d{} \u00ab src=&quot;https:\/\/remotetraining.lifeworks.global\/wp-content\/uploads\/2023\/12\/Clementine-after.png&quot; sticky_enabled=\u201d0\u2033][\/et_pb_image][\/et_pb_column][\/et_pb_row][\/ et_pb_section][et_pb_section fb_built=\u201d1\u2033 _builder_version=\u201d4.14.7\u2033 _module_preset=\u201ddefault\u201d global_colors_info=\u201d{}\u201d][et_pb_row column_structure=\u201d1_3,1_3,1_3\u2033 module_class=\u201dLineButtons\u201d _builder_version=\u201d4.14.7 \u2033 _module_preset=\u201ddefault\u201d global_colors_info=\u201d{}\u201d][et_pb_column type=\u201d1_3\u2033 _builder_version=\u201d4.14.7\u2033 _module_preset=\u201ddefault\u201d global_colors_info=\u201d{}\u201d][et_pb_button button_url=\u201dhttps:\/\/remotetraining. lifeworks.global\u201d button_text=\u201dQuitter la formation\u201d module_class=\u201dblock\u201d _builder_version=\u201d4.14.7\u2033 _module_preset=\u201ddefault\u201d global_colors_info=\u201d{}\u201d][\/et_pb_button][\/et_pb_column][et_pb_column type=\u201d1_3\u2033 _builder_version =\u201d4.14.7\u2033 _module_preset=\u201ddefault\u201d global_colors_info=\u201d{}\u201d][\/et_pb_column][et_pb_column type=\u201d1_3\u2033 _builder_version=\u201d4.14.7\u2033 _module_preset=\u201ddefault\u201d global_colors_info=\u201d{}\u201d][et_pb_button button_url=\u201dhttps:\/\/remotetraining.lifeworks.global\/how-to-do-it\u201d button_text=\u201dSuivant\u201d button_alignment=\u201dright\u201d module_class=\u201dblock\u201d _builder_version=\u201d4.14.7\u2033 _module_preset=\u201ddefault\u201d global_colors_info= \u201d{}\u201d][\/et_pb_button][\/et_pb_column][\/et_pb_row][\/et_pb_section]<\/p>","protected":false},"excerpt":{"rendered":"<p>Formation \u00e0 distance mondiale LifeworksTransformez votre ferme, doublez votre rendement gr\u00e2ce \u00e0 la technologie biologique gratuiteDe ceci\u2026\u2026\u00e0 celaPour l&#039;agriculteur local, c&#039;est la diff\u00e9rence dans la premi\u00e8re r\u00e9colteAvant\u2026\u2026et apr\u00e8s<\/p>","protected":false},"author":1,"featured_media":0,"parent":0,"menu_order":0,"comment_status":"closed","ping_status":"closed","template":"","meta":{"_et_pb_use_builder":"on","_et_pb_old_content":"","_et_gb_content_width":"","footnotes":""},"_links":{"self":[{"href":"https:\/\/remotetraining.lifeworks.global\/fr\/wp-json\/wp\/v2\/pages\/3077"}],"collection":[{"href":"https:\/\/remotetraining.lifeworks.global\/fr\/wp-json\/wp\/v2\/pages"}],"about":[{"href":"https:\/\/remotetraining.lifeworks.global\/fr\/wp-json\/wp\/v2\/types\/page"}],"author":[{"embeddable":true,"href":"https:\/\/remotetraining.lifeworks.global\/fr\/wp-json\/wp\/v2\/users\/1"}],"replies":[{"embeddable":true,"href":"https:\/\/remotetraining.lifeworks.global\/fr\/wp-json\/wp\/v2\/comments?post=3077"}],"version-history":[{"count":47,"href":"https:\/\/remotetraining.lifeworks.global\/fr\/wp-json\/wp\/v2\/pages\/3077\/revisions"}],"predecessor-version":[{"id":5286,"href":"https:\/\/remotetraining.lifeworks.global\/fr\/wp-json\/wp\/v2\/pages\/3077\/revisions\/5286"}],"wp:attachment":[{"href":"https:\/\/remotetraining.lifeworks.global\/fr\/wp-json\/wp\/v2\/media?parent=3077"}],"curies":[{"name":"wp","href":"https:\/\/api.w.org\/{rel}","templated":true}]}}