{"id":3140,"date":"2023-10-23T11:28:41","date_gmt":"2023-10-23T11:28:41","guid":{"rendered":"https:\/\/lifeworks.global\/?page_id=3140"},"modified":"2024-02-26T16:47:56","modified_gmt":"2024-02-26T16:47:56","slug":"how-to-do-it","status":"publish","type":"page","link":"https:\/\/remotetraining.lifeworks.global\/fr\/how-to-do-it\/","title":{"rendered":"Formation 2\u00a0: Comment faire"},"content":{"rendered":"<p>[et_pb_section fb_built=\u201d1\u2033 module_class=\u201dtraining-section\u201d _builder_version=\u201d4.14.7\u2033 _module_preset=\u201ddefault\u201d background_color=\u201d#f8f7f5\u2033 custom_padding=\u201d0px||0px|||\u201d global_colors_info=\u201d{}\u201d][et_pb_row _builder_version=\u201d4.14.7\u2033 _module_preset=\u201ddefault\u201d width=\u201d90vw\u201d max_width=\u201d2560px\u201d min_height=\u201d100px\u201d custom_padding=\u201d45px||0px||false|false\u201d global_colors_info =\u201d{}\u201d][et_pb_column type=\u201d4_4\u2033 _builder_version=\u201d4.8.0\u2033 _module_preset=\u201ddefault\u201d global_colors_info=\u201d{}\u201d][et_pb_text module_class=\u201dtraining-branding\u201d _builder_version=\u201d4.14.7\u2033 _module_preset= &quot;par d\u00e9faut&quot; global_colors_info = &quot;{}&quot;]<\/p>\n<h4 style=\"text-align: right;\"><strong>Formation \u00e0 distance de Lifeworks Global<\/strong><\/h4>\n<p>[\/et_pb_text][et_pb_text _builder_version=\u201d4.14.7\u2033 _module_preset=\u201ddefault\u201d hover_enabled=\u201d0\u2033 global_colors_info=\u201d{}\u201d sticky_enabled=\u201d0\u2033]<\/p>\n<h1>Comment proc\u00e9der<\/h1>\n<h3>Nous vous apprenons \u00e0 r\u00e9aliser trois pr\u00e9parations :<\/h3>\n<ul>\n<li>\n<h3>Compost chaud pr\u00eat en 18 jours<\/h3>\n<\/li>\n<li>\n<h3>Bio-engrais \u00e0 base de d\u00e9chets d&#039;animaux ou de poissons<\/h3>\n<\/li>\n<li>\n<h3>Bio-engrais \u00e0 base de lait<\/h3>\n<\/li>\n<\/ul>\n<h2 style=\"text-align: center;\">Vous n\u2019avez besoin que d\u2019un seul type de biofertilisant. Choisissez si vous souhaitez fabriquer de l&#039;engrais au lait <strong>ou<\/strong> Engrais prot\u00e9in\u00e9 selon les ingr\u00e9dients disponibles.<\/h2>\n<p>[\/et_pb_text][\/et_pb_column][\/et_pb_row][\/et_pb_section][et_pb_section fb_built=\u201d1\u2033 _builder_version=\u201d4.14.7\u2033 _module_preset=\u201ddefault\u201d global_colors_info=\u201d{}\u201d][et_pb_row column_structure=\u201d1_3,1_3 ,1_3\u2033 module_class=\u201dLineButtons\u201d _builder_version=\u201d4.14.7\u2033 _module_preset=\u201ddefault\u201d global_colors_info=\u201d{}\u201d][et_pb_column type=\u201d1_3\u2033 _builder_version=\u201d4.14.7\u2033 _module_preset=\u201ddefault\u201d global_colors_info=\u201d{ }\u201d][et_pb_button button_url=\u201dhttps:\/\/remotetraining.lifeworks.global\/remote-training\/\u201d button_text=\u201dRetour\u201d _builder_version=\u201d4.14.7\u2033 _module_preset=\u201d3ffee87b-a732-4d5b-8b60-137d4760d306\u2033 global_colors_info= \u201d{}\u201d][\/et_pb_button][\/et_pb_column][et_pb_column type=\u201d1_3\u2033 _builder_version=\u201d4.14.7\u2033 _module_preset=\u201ddefault\u201d global_colors_info=\u201d{}\u201d][\/et_pb_column][et_pb_column type=\u201d1_3\u2033 _builder_version=\u201d4.14.7\u2033 _module_preset=\u201ddefault\u201d global_colors_info=\u201d{}\u201d][et_pb_button button_url=\u201dhttps:\/\/remotetraining.lifeworks.global\/timeline-overview\/\u201d button_text=\u201dSuivant\u201d button_alignment=\u201dright\u201d module_class =\u201dblock\u201d _builder_version=\u201d4.14.7\u2033 _module_preset=\u201ddefault\u201d global_colors_info=\u201d{}\u201d][\/et_pb_button][\/et_pb_column][\/et_pb_row][\/et_pb_section]<\/p>","protected":false},"excerpt":{"rendered":"<p>Formation \u00e0 distance Lifeworks GlobalComment faire Nous vous apprenons \u00e0 r\u00e9aliser trois pr\u00e9parations : Compost chaud pr\u00eat en 18 jours Bio-engrais \u00e0 base de d\u00e9chets d&#039;animaux ou de poissons Bio-engrais \u00e0 base de lait Vous n&#039;avez besoin que d&#039;un seul type de bio-engrais. Choisissez si vous souhaitez fabriquer de l&#039;engrais laitier ou de l&#039;engrais prot\u00e9ique en fonction des ingr\u00e9dients disponibles.<\/p>","protected":false},"author":1,"featured_media":0,"parent":0,"menu_order":0,"comment_status":"closed","ping_status":"closed","template":"","meta":{"_et_pb_use_builder":"on","_et_pb_old_content":"","_et_gb_content_width":"","footnotes":""},"_links":{"self":[{"href":"https:\/\/remotetraining.lifeworks.global\/fr\/wp-json\/wp\/v2\/pages\/3140"}],"collection":[{"href":"https:\/\/remotetraining.lifeworks.global\/fr\/wp-json\/wp\/v2\/pages"}],"about":[{"href":"https:\/\/remotetraining.lifeworks.global\/fr\/wp-json\/wp\/v2\/types\/page"}],"author":[{"embeddable":true,"href":"https:\/\/remotetraining.lifeworks.global\/fr\/wp-json\/wp\/v2\/users\/1"}],"replies":[{"embeddable":true,"href":"https:\/\/remotetraining.lifeworks.global\/fr\/wp-json\/wp\/v2\/comments?post=3140"}],"version-history":[{"count":23,"href":"https:\/\/remotetraining.lifeworks.global\/fr\/wp-json\/wp\/v2\/pages\/3140\/revisions"}],"predecessor-version":[{"id":5699,"href":"https:\/\/remotetraining.lifeworks.global\/fr\/wp-json\/wp\/v2\/pages\/3140\/revisions\/5699"}],"wp:attachment":[{"href":"https:\/\/remotetraining.lifeworks.global\/fr\/wp-json\/wp\/v2\/media?parent=3140"}],"curies":[{"name":"wp","href":"https:\/\/api.w.org\/{rel}","templated":true}]}}