{"id":3224,"date":"2023-10-24T11:04:44","date_gmt":"2023-10-24T11:04:44","guid":{"rendered":"https:\/\/lifeworks.global\/?page_id=3224"},"modified":"2024-02-14T11:14:16","modified_gmt":"2024-02-14T11:14:16","slug":"fish-1-fish-bio-fertilizer-preparation","status":"publish","type":"page","link":"https:\/\/remotetraining.lifeworks.global\/fr\/fish-1-fish-bio-fertilizer-preparation\/","title":{"rendered":"Poisson 1 \u2013 Pr\u00e9paration de biofertilisant pour poissons"},"content":{"rendered":"<p>[et_pb_section fb_built=\u201d1\u2033 module_class=\u201dtraining-section\u201d _builder_version=\u201d4.14.7\u2033 _module_preset=\u201ddefault\u201d background_color=\u201d#f8f7f5\u2033 custom_padding=\u201d0px||0px|||\u201d global_colors_info=\u201d{}\u201d][et_pb_row _builder_version=\u201d4.14.7\u2033 _module_preset=\u201ddefault\u201d width=\u201d90vw\u201d max_width=\u201d2560px\u201d min_height=\u201d100px\u201d custom_padding=\u201d45px||0px||false|false\u201d global_colors_info =\u201d{}\u201d][et_pb_column type=\u201d4_4\u2033 _builder_version=\u201d4.8.0\u2033 _module_preset=\u201ddefault\u201d global_colors_info=\u201d{}\u201d][et_pb_text module_class=\u201dtraining-branding\u201d _builder_version=\u201d4.14.7\u2033 _module_preset= &quot;par d\u00e9faut&quot; global_colors_info = &quot;{}&quot;]<\/p>\n<h4 style=\"text-align: right;\"><strong>Formation \u00e0 distance de Lifeworks Global<\/strong><\/h4>\n<p>[\/et_pb_text][et_pb_text _builder_version=\u201d4.14.7\u2033 _module_preset=\u201ddefault\u201d min_height=\u201d510.9px\u201d hover_enabled=\u201d0\u2033 global_colors_info=\u201d{}\u201d sticky_enabled=\u201d0\u2033]<\/p>\n<h2>Bio-Engrais Prot\u00e9in\u00e9 : Pr\u00e9paration<\/h2>\n<p> <div class=\"training-video\" style=\"padding: 56.25% 0 0 0; position: relative;\"><iframe style=\"position: absolute; top: 0; left: 0; width: 100%; height: 100%;\" title=\"Biofertilisant pour d\u00e9chets animaux : Pr\u00e9paration\" src=\"https:\/\/player.vimeo.com\/video\/898300863?badge=0&amp;autoplay=1&amp;quality_selector=1&amp;player_id=0&amp;app_id=58479\" frameborder=\"0\"><\/iframe><\/div> <p><script src=\"https:\/\/player.vimeo.com\/api\/player.js\"><\/script><\/p><\/p>\n<p>[\/et_pb_text][\/et_pb_column][\/et_pb_row][\/et_pb_section][et_pb_section fb_built=\u201d1\u2033 _builder_version=\u201d4.14.7\u2033 _module_preset=\u201ddefault\u201d global_colors_info=\u201d{}\u201d][et_pb_row column_structure=\u201d1_3,1_3 ,1_3\u2033 module_class=\u201dLineButtons\u201d _builder_version=\u201d4.14.7\u2033 _module_preset=\u201ddefault\u201d global_colors_info=\u201d{}\u201d][et_pb_column type=\u201d1_3\u2033 _builder_version=\u201d4.14.7\u2033 _module_preset=\u201ddefault\u201d global_colors_info=\u201d{ }\u201d][et_pb_button button_url=\u201dhttps:\/\/remotetraining.lifeworks.global\/compost-5-18-day-compost-how-to-mix-it\u201d button_text=\u201dRetour\u201d _builder_version=\u201d4.14.7\u2033 _module_preset= \u201d3ffee87b-a732-4d5b-8b60-137d4760d306\u2033 global_colors_info=\u201d{}\u201d][\/et_pb_button][\/et_pb_column][et_pb_column type=\u201d1_3\u2033 _builder_version=\u201d4.14.7\u2033 _module_preset=\u201ddefault\u201d global_colors_info=\u201d{ } \u201d][\/et_pb_column][et_pb_column type=\u201d1_3\u2033 _builder_version=\u201d4.14.7\u2033 _module_preset=\u201ddefault\u201d global_colors_info=\u201d{}\u201d][et_pb_button button_url=\u201dhttps:\/\/remotetraining.lifeworks.global\/fish-ingredients \/\u201d button_text=\u201dSuivant\u201d button_alignment=\u201dright\u201d module_class=\u201dblock\u201d _builder_version=\u201d4.14.7\u2033 _module_preset=\u201ddefault\u201d global_colors_info=\u201d{}\u201d][\/et_pb_button][\/et_pb_column][\/et_pb_row][\/ et_pb_section]<\/p>","protected":false},"excerpt":{"rendered":"<p>Lifeworks Global Remote TrainingBio-engrais prot\u00e9in\u00e9\u00a0: pr\u00e9paration  <div class=\"training-video\" style=\"padding: 56.25% 0 0 0; position: relative;\"><iframe style=\"position: absolute; top: 0; left: 0; width: 100%; height: 100%;\" title=\"Biofertilisant pour d\u00e9chets animaux : Pr\u00e9paration\" src=\"https:\/\/player.vimeo.com\/video\/898300863?badge=0&amp;autoplay=1&amp;quality_selector=1&amp;player_id=0&amp;app_id=58479\" frameborder=\"0\"><\/iframe><\/div> <p><script src=\"https:\/\/player.vimeo.com\/api\/player.js\"><\/script><\/p><\/p>","protected":false},"author":1,"featured_media":0,"parent":0,"menu_order":0,"comment_status":"closed","ping_status":"closed","template":"","meta":{"_et_pb_use_builder":"on","_et_pb_old_content":"","_et_gb_content_width":"","footnotes":""},"_links":{"self":[{"href":"https:\/\/remotetraining.lifeworks.global\/fr\/wp-json\/wp\/v2\/pages\/3224"}],"collection":[{"href":"https:\/\/remotetraining.lifeworks.global\/fr\/wp-json\/wp\/v2\/pages"}],"about":[{"href":"https:\/\/remotetraining.lifeworks.global\/fr\/wp-json\/wp\/v2\/types\/page"}],"author":[{"embeddable":true,"href":"https:\/\/remotetraining.lifeworks.global\/fr\/wp-json\/wp\/v2\/users\/1"}],"replies":[{"embeddable":true,"href":"https:\/\/remotetraining.lifeworks.global\/fr\/wp-json\/wp\/v2\/comments?post=3224"}],"version-history":[{"count":54,"href":"https:\/\/remotetraining.lifeworks.global\/fr\/wp-json\/wp\/v2\/pages\/3224\/revisions"}],"predecessor-version":[{"id":5666,"href":"https:\/\/remotetraining.lifeworks.global\/fr\/wp-json\/wp\/v2\/pages\/3224\/revisions\/5666"}],"wp:attachment":[{"href":"https:\/\/remotetraining.lifeworks.global\/fr\/wp-json\/wp\/v2\/media?parent=3224"}],"curies":[{"name":"wp","href":"https:\/\/api.w.org\/{rel}","templated":true}]}}