{"id":3357,"date":"2023-10-24T15:50:12","date_gmt":"2023-10-24T15:50:12","guid":{"rendered":"https:\/\/lifeworks.global\/?page_id=3357"},"modified":"2023-12-30T09:37:18","modified_gmt":"2023-12-30T09:37:18","slug":"completed-training","status":"publish","type":"page","link":"https:\/\/remotetraining.lifeworks.global\/fr\/completed-training\/","title":{"rendered":"Partagez la formation avec vos coll\u00e8gues"},"content":{"rendered":"<p>[et_pb_section fb_built=\u201d1\u2033 module_class=\u201dtraining-section\u201d _builder_version=\u201d4.14.7\u2033 _module_preset=\u201ddefault\u201d background_color=\u201d#f8f7f5\u2033 custom_padding=\u201d0px||0px|||\u201d global_colors_info=\u201d{}\u201d][et_pb_row _builder_version=\u201d4.14.7\u2033 _module_preset=\u201ddefault\u201d width=\u201d90vw\u201d max_width=\u201d2560px\u201d min_height=\u201d100px\u201d custom_padding=\u201d45px||0px||false|false\u201d global_colors_info =\u201d{}\u201d][et_pb_column type=\u201d4_4\u2033 _builder_version=\u201d4.8.0\u2033 _module_preset=\u201ddefault\u201d global_colors_info=\u201d{}\u201d][et_pb_text module_class=\u201dtraining-branding\u201d _builder_version=\u201d4.14.7\u2033 _module_preset= &quot;par d\u00e9faut&quot; global_colors_info = &quot;{}&quot;]<\/p>\n<h4 style=\"text-align: center;\"><strong>Formation \u00e0 distance de Lifeworks Global<\/strong><\/h4>\n<p>[\/et_pb_text][et_pb_text _builder_version=\u201d4.14.7\u2033 _module_preset=\u201ddefault\u201d global_colors_info=\u201d{}\u201d]<\/p>\n<h2>\u00a0<\/h2>\n<h1 style=\"text-align: center;\"><strong>Merci de partager cette formation avec des personnes que vous connaissez<\/strong><\/h1>\n<h1 style=\"text-align: center;\"><strong>par email,\u00a0<\/strong><strong>par WhatsApp et <\/strong><strong>Bouche \u00e0 oreille\u2026<\/strong><\/h1>\n<h1 style=\"text-align: center;\"><strong>\u2026pour aider vos coll\u00e8gues agriculteurs afin que beaucoup puissent en b\u00e9n\u00e9ficier.\u00a0 <\/strong><\/h1>\n<p>&nbsp;<\/p>\n<p>&nbsp;<\/p>\n<p>&nbsp;<\/p>\n<p>[\/et_pb_text][et_pb_button button_url=&#8221;mailto:?%20&#038;Subject=Online%20training%20recommendation%20&#038;body=Please%20let%20me%20introduce%20this%20exciting%20technology%20that%20I%20really%20recommend%20and%20have%20experienced%20myself.%20It%20introduces%20techniques%20which%20enable%20smallholder%20farmers%20to%20increase%20their%20yield%20and%20enhance%20their%20resilience%20to%20climate%20change%3A%0D%0A%0D%0Ahttps:\/\/remotetraining.lifeworks.global&#8221; button_text=&#8221;Click here to share this training with your contacts&#8221; button_alignment=&#8221;center&#8221; _builder_version=&#8221;4.14.7&#8243; _module_preset=&#8221;default&#8221; custom_margin=&#8221;||20px||false|false&#8221; animation_style=&#8221;bounce&#8221; hover_enabled=&#8221;0&#8243; box_shadow_style=&#8221;preset1&#8243; global_colors_info=&#8221;{}&#8221; sticky_enabled=&#8221;0&#8243;][\/et_pb_button][\/et_pb_column][\/et_pb_row][\/et_pb_section][et_pb_section fb_built=&#8221;1&#8243; _builder_version=&#8221;4.14.7&#8243; _module_preset=&#8221;default&#8221; global_colors_info=&#8221;{}&#8221;][et_pb_row column_structure=&#8221;1_3,1_3,1_3&#8243; module_class=&#8221;LineButtons&#8221; _builder_version=&#8221;4.14.7&#8243; _module_preset=&#8221;default&#8221; global_colors_info=&#8221;{}&#8221;][et_pb_column type=&#8221;1_3&#8243; _builder_version=&#8221;4.14.7&#8243; _module_preset=&#8221;default&#8221; global_colors_info=&#8221;{}&#8221;][et_pb_button button_url=&#8221;https:\/\/remotetraining.lifeworks.global\/expert-tips-questions-and-answers\/&#8221; button_text=&#8221;Back&#8221; _builder_version=&#8221;4.14.7&#8243; _module_preset=&#8221;3ffee87b-a732-4d5b-8b60-137d4760d306&#8243; global_colors_info=&#8221;{}&#8221;][\/et_pb_button][\/et_pb_column][et_pb_column type=&#8221;1_3&#8243; _builder_version=&#8221;4.14.7&#8243; _module_preset=&#8221;default&#8221; global_colors_info=&#8221;{}&#8221;][\/et_pb_column][et_pb_column type=&#8221;1_3&#8243; _builder_version=&#8221;4.14.7&#8243; _module_preset=&#8221;default&#8221; global_colors_info=&#8221;{}&#8221;][et_pb_button button_url=&#8221;https:\/\/remotetraining.lifeworks.global\/stay-in-touch-with-lifeworks\/&#8221; button_text=&#8221;Next&#8221; button_alignment=&#8221;right&#8221; module_class=&#8221;block&#8221; _builder_version=&#8221;4.14.7&#8243; _module_preset=&#8221;default&#8221; global_colors_info=&#8221;{}&#8221;][\/et_pb_button][\/et_pb_column][\/et_pb_row][\/et_pb_section]<\/p>","protected":false},"excerpt":{"rendered":"<p>Formation \u00e0 distance mondiale Lifeworks Veuillez partager cette formation avec les personnes que vous connaissez par courriel, par WhatsApp et par le bouche-\u00e0-oreille\u2026 \u2026pour aider vos coll\u00e8gues agriculteurs afin que beaucoup puissent en b\u00e9n\u00e9ficier.\u00a0 &nbsp; &nbsp; &nbsp;<\/p>","protected":false},"author":1,"featured_media":0,"parent":0,"menu_order":0,"comment_status":"closed","ping_status":"closed","template":"","meta":{"_et_pb_use_builder":"on","_et_pb_old_content":"","_et_gb_content_width":"","footnotes":""},"_links":{"self":[{"href":"https:\/\/remotetraining.lifeworks.global\/fr\/wp-json\/wp\/v2\/pages\/3357"}],"collection":[{"href":"https:\/\/remotetraining.lifeworks.global\/fr\/wp-json\/wp\/v2\/pages"}],"about":[{"href":"https:\/\/remotetraining.lifeworks.global\/fr\/wp-json\/wp\/v2\/types\/page"}],"author":[{"embeddable":true,"href":"https:\/\/remotetraining.lifeworks.global\/fr\/wp-json\/wp\/v2\/users\/1"}],"replies":[{"embeddable":true,"href":"https:\/\/remotetraining.lifeworks.global\/fr\/wp-json\/wp\/v2\/comments?post=3357"}],"version-history":[{"count":68,"href":"https:\/\/remotetraining.lifeworks.global\/fr\/wp-json\/wp\/v2\/pages\/3357\/revisions"}],"predecessor-version":[{"id":5383,"href":"https:\/\/remotetraining.lifeworks.global\/fr\/wp-json\/wp\/v2\/pages\/3357\/revisions\/5383"}],"wp:attachment":[{"href":"https:\/\/remotetraining.lifeworks.global\/fr\/wp-json\/wp\/v2\/media?parent=3357"}],"curies":[{"name":"wp","href":"https:\/\/api.w.org\/{rel}","templated":true}]}}