{"id":3601,"date":"2023-10-26T09:31:12","date_gmt":"2023-10-26T09:31:12","guid":{"rendered":"https:\/\/lifeworks.global\/?page_id=3601"},"modified":"2024-02-15T12:26:37","modified_gmt":"2024-02-15T12:26:37","slug":"expert-tips-questions-and-answers","status":"publish","type":"page","link":"https:\/\/remotetraining.lifeworks.global\/fr\/expert-tips-questions-and-answers\/","title":{"rendered":"Conseils d&#039;experts : Questions et r\u00e9ponses"},"content":{"rendered":"<p>[et_pb_section fb_built=\u201d1\u2033 module_class=\u201dtraining-section\u201d _builder_version=\u201d4.14.7\u2033 _module_preset=\u201ddefault\u201d background_color=\u201d#f8f7f5\u2033 custom_padding=\u201d0px||0px|||\u201d global_colors_info=\u201d{}\u201d][et_pb_row _builder_version=\u201d4.14.7\u2033 _module_preset=\u201ddefault\u201d width=\u201d90vw\u201d max_width=\u201d2560px\u201d min_height=\u201d100px\u201d custom_padding=\u201d45px||0px||false|false\u201d global_colors_info =\u201d{}\u201d][et_pb_column type=\u201d4_4\u2033 _builder_version=\u201d4.8.0\u2033 _module_preset=\u201ddefault\u201d global_colors_info=\u201d{}\u201d][et_pb_text module_class=\u201dtraining-branding\u201d _builder_version=\u201d4.14.7\u2033 _module_preset= &quot;par d\u00e9faut&quot; global_colors_info = &quot;{}&quot;]<\/p>\n<h4 style=\"text-align: right;\"><strong>Formation \u00e0 distance de Lifeworks Global<\/strong><\/h4>\n<p>[\/et_pb_text][et_pb_text _builder_version=\u201d4.14.7\u2033 _module_preset=\u201ddefault\u201d global_colors_info=\u201d{}\u201d]<\/p>\n<h2>Voici quelques conseils d\u2019experts pour vous aider<strong><br \/><\/strong><\/h2>\n<p>&nbsp;<\/p>\n<p>[\/et_pb_text][\/et_pb_column][\/et_pb_row][et_pb_row column_structure=\u201d1_2,1_2\u2033 _builder_version=\u201d4.14.7\u2033 _module_preset=\u201ddefault\u201d global_colors_info=\u201d{}\u201d][et_pb_column type=\u201d1_2\u2033 _builder_version=\u201d4.14.7\u2033 _module_preset=\u201ddefault\u201d global_colors_info=\u201d{}\u201d][et_pb_text _builder_version=\u201d4.14.7\u2033 _module_preset=\u201ddefault\u201d global_colors_info=\u201d{}\u201d]<\/p>\n<h2 style=\"text-align: center;\"><a class=\"et_pb_button et_pb_button_0 et_pb_bg_layout_light\" href=\"https:\/\/lifeworksglobal.sharepoint.com\/:w:\/s\/LifeworksDocs\/EQEIjrl7zWJHqJqenxGH8g0BUKlT-lGOlQqHG4aCOLpCyA?e=IkRNo0\" target=\"_blank\" rel=\"noopener\" download=\"\">T\u00e9l\u00e9chargez nos conseils d&#039;experts ici<\/a><\/h2>\n<p>[\/et_pb_text][\/et_pb_column][et_pb_column type=\u201d1_2\u2033 _builder_version=\u201d4.14.7\u2033 _module_preset=\u201ddefault\u201d global_colors_info=\u201d{}\u201d][et_pb_text disabled_on=\u201don|off|off\u201d _builder_version=\u201d4.14.7\u2033 _module_preset=\u201ddefault\u201d hover_enabled=\u201d0\u2033 global_colors_info=\u201d{}\u201d sticky_enabled=\u201d0\u2033]<\/p>\n<p><img fetchpriority=\"high\" decoding=\"async\" class=\"aligncenter wp-image-5689 size-medium\" src=\"https:\/\/remotetraining.lifeworks.global\/wp-content\/uploads\/2024\/02\/Expert-tips-QR-code-300x300.png\" alt=\"\" width=\"300\" height=\"300\" \/><\/p>\n<p>[\/et_pb_text][et_pb_text disabled_on=\u201don|off|off\u201d _builder_version=\u201d4.14.7\u2033 _module_preset=\u201ddefault\u201d global_colors_info=\u201d{}\u201d]<\/p>\n<h4>Scannez le code QR pour enregistrer les conseils directement sur votre mobile<\/h4>\n<p>[\/et_pb_text][\/et_pb_column][\/et_pb_row][\/et_pb_section][et_pb_section fb_built=\u201d1\u2033 _builder_version=\u201d4.14.7\u2033 _module_preset=\u201ddefault\u201d global_colors_info=\u201d{}\u201d][et_pb_row column_structure=\u201d1_3,1_3,1_3\u2033 module_class=\u201dLineButtons\u201d _builder_version=\u201d4.14.7\u2033 _module_preset=\u201ddefault\u201d global_colors_info=\u201d{}\u201d][et_pb_column type=\u201d1_3\u2033 _builder_version=\u201d4.14.7\u2033 _module_preset=\u201ddefault\u201d global_colors_info=\u201d{}\u201d][et_pb_button button_url=\u201dhttps:\/\/remotetraining.lifeworks.global\/milk-5-how-to-use-it\/\u201d button_text=\u201dRetour\u201d _builder_version=\u201d4.14.7\u2033 _module_preset=\u201d3ffee87b-a732-4d5b-8b60-137d4760d306\u2033 global_colors_info=\u201d{}\u201d][\/et_pb_button][\/et_pb_column][et_pb_column type=\u201d1_3\u2033 _builder_version=\u201d4.14.7\u2033 _module_preset=\u201ddefault\u201d global_colors_info=\u201d{}\u201d][\/et_pb_column][et_pb_column type=\u201d1_3\u2033 _builder_version=\u201d4.14.7\u2033 _module_preset=\u201ddefault\u201d global_colors_info=\u201d{}\u201d][et_pb_button button_url=\u201dhttps:\/\/remotetraining.lifeworks.global\/completed-training\/\u201d button_text=\u201dSuivant\u201d button_alignment=\u201ddroite\u201d module_class=\u201dbloc\u201d _builder_version=\u201d4.14.7\u2033 _module_preset=\u201dpar d\u00e9faut\u201d global_colors_info=\u201d{}\u201d][\/et_pb_button][\/et_pb_column][\/et_pb_row][\/et_pb_section]<\/p>","protected":false},"excerpt":{"rendered":"<p>Formation \u00e0 distance mondiale LifeworksVoici quelques conseils d&#039;experts pour vous aiderT\u00e9l\u00e9chargez nos conseils d&#039;experts iciScannez le code QR pour enregistrer les conseils directement sur votre mobile<\/p>","protected":false},"author":1,"featured_media":0,"parent":0,"menu_order":0,"comment_status":"closed","ping_status":"closed","template":"","meta":{"_et_pb_use_builder":"on","_et_pb_old_content":"","_et_gb_content_width":"","footnotes":""},"_links":{"self":[{"href":"https:\/\/remotetraining.lifeworks.global\/fr\/wp-json\/wp\/v2\/pages\/3601"}],"collection":[{"href":"https:\/\/remotetraining.lifeworks.global\/fr\/wp-json\/wp\/v2\/pages"}],"about":[{"href":"https:\/\/remotetraining.lifeworks.global\/fr\/wp-json\/wp\/v2\/types\/page"}],"author":[{"embeddable":true,"href":"https:\/\/remotetraining.lifeworks.global\/fr\/wp-json\/wp\/v2\/users\/1"}],"replies":[{"embeddable":true,"href":"https:\/\/remotetraining.lifeworks.global\/fr\/wp-json\/wp\/v2\/comments?post=3601"}],"version-history":[{"count":31,"href":"https:\/\/remotetraining.lifeworks.global\/fr\/wp-json\/wp\/v2\/pages\/3601\/revisions"}],"predecessor-version":[{"id":5690,"href":"https:\/\/remotetraining.lifeworks.global\/fr\/wp-json\/wp\/v2\/pages\/3601\/revisions\/5690"}],"wp:attachment":[{"href":"https:\/\/remotetraining.lifeworks.global\/fr\/wp-json\/wp\/v2\/media?parent=3601"}],"curies":[{"name":"wp","href":"https:\/\/api.w.org\/{rel}","templated":true}]}}