{"id":3615,"date":"2023-10-26T11:09:19","date_gmt":"2023-10-26T11:09:19","guid":{"rendered":"https:\/\/lifeworks.global\/?page_id=3615"},"modified":"2023-12-26T10:11:42","modified_gmt":"2023-12-26T10:11:42","slug":"compost-ingredients","status":"publish","type":"page","link":"https:\/\/remotetraining.lifeworks.global\/fr\/compost-ingredients\/","title":{"rendered":"Ingr\u00e9dients du compost"},"content":{"rendered":"<p>[et_pb_section fb_built=\u201d1\u2033 _builder_version=\u201d4.14.7\u2033 _module_preset=\u201ddefault\u201d background_color=\u201d#f8f7f5\u2033 custom_padding=\u201d0px||0px|||\u201d global_colors_info=\u201d{}\u201d][et_pb_row _builder_version=\u201d4.14.7\u2033 _module_preset=\u201ddefault\u201d width=\u201d90vw\u201d max_width=\u201d2560px\u201d min_height=\u201d100px\u201d custom_padding=\u201d45px||0px||false|false\u201d global_colors_info =\u201d{}\u201d][et_pb_column type=\u201d4_4\u2033 _builder_version=\u201d4.8.0\u2033 _module_preset=\u201ddefault\u201d global_colors_info=\u201d{}\u201d][et_pb_text module_class=\u201dtraining-branding\u201d _builder_version=\u201d4.14.7\u2033 _module_preset= &quot;par d\u00e9faut&quot; global_colors_info = &quot;{}&quot;]<\/p>\n<h4 style=\"text-align: right;\"><strong>Formation \u00e0 distance de Lifeworks Global<\/strong><\/h4>\n<p>[\/et_pb_text][et_pb_text _builder_version=\u201d4.14.7\u2033 _module_preset=\u201ddefault\u201d custom_padding=\u201d||0px|||\u201d global_colors_info=\u201d{}\u201d]<\/p>\n<h2>Vous aurez besoin de ces mat\u00e9riaux pour fabriquer votre compost<\/h2>\n<div class=\"mceTemp\">\u00a0<\/div>\n<p><div id=\"attachment_5306\" style=\"width: 374px\" class=\"wp-caption alignleft\"><img fetchpriority=\"high\" decoding=\"async\" aria-describedby=\"caption-attachment-5306\" class=\"wp-image-5306\" src=\"https:\/\/remotetraining.lifeworks.global\/wp-content\/uploads\/2023\/12\/Compost-Machete.png\" alt=\"\" width=\"364\" height=\"220\" \/><p id=\"caption-attachment-5306\" class=\"wp-caption-text\">Machette<\/p><\/div><div id=\"attachment_5307\" style=\"width: 403px\" class=\"wp-caption alignleft\"><img decoding=\"async\" aria-describedby=\"caption-attachment-5307\" class=\"wp-image-5307\" src=\"https:\/\/remotetraining.lifeworks.global\/wp-content\/uploads\/2023\/12\/Compost-Sticks.png\" alt=\"\" width=\"393\" height=\"220\" \/><p id=\"caption-attachment-5307\" class=\"wp-caption-text\">B\u00e2tons (1,5 m de long)<\/p><\/div><div id=\"attachment_5308\" style=\"width: 406px\" class=\"wp-caption alignleft\"><img decoding=\"async\" aria-describedby=\"caption-attachment-5308\" class=\"wp-image-5308\" src=\"https:\/\/remotetraining.lifeworks.global\/wp-content\/uploads\/2023\/12\/Compost-String.png\" alt=\"\" width=\"396\" height=\"220\" \/><p id=\"caption-attachment-5308\" class=\"wp-caption-text\">Cha\u00eene<\/p><\/div>[\/et_pb_text][\/et_pb_column][\/et_pb_row][et_pb_row _builder_version=\u201d4.14.7\u2033 _module_preset=\u201dpar d\u00e9faut\u201d width=\u201d90vw\u201d max_width=\u201d2560px\u201d min_height=\u201d100px\u201d custom_padding=\u201d45px||0px||false|false\u201d global_colors_info=\u201d{}\u201d][et_pb_column type=\u201d4_4\u2033 _builder_version=\u201d4.8.0\u2033 _module_preset=\u201dpar d\u00e9faut\u201d global_colors_info=\u201d{}\u201d][et_pb_text _builder_version=\u201d4.14.7\u2033 _module_preset=\u201dpar d\u00e9faut\u201d custom_padding=\u201d||0px|||\u201d hover_enabled=\u201d0\u2033 global_colors_info=\u201d{}\u201d sticky_enabled=\u201d0\u2033]<\/p>\n<h2>Vous aurez besoin de ces ingr\u00e9dients pour faire votre compost<\/h2>\n<div class=\"mceTemp\"><\/div>\n<div id=\"attachment_5293\" style=\"width: 374px\" class=\"wp-caption alignleft\"><img loading=\"lazy\" decoding=\"async\" aria-describedby=\"caption-attachment-5293\" class=\"wp-image-5293\" src=\"https:\/\/remotetraining.lifeworks.global\/wp-content\/uploads\/2023\/12\/Green-material.png\" alt=\"\" width=\"364\" height=\"261\" \/><p id=\"caption-attachment-5293\" class=\"wp-caption-text\">Mati\u00e8res vertes (50%) telles que feuilles, r\u00e9sidus de r\u00e9colte, gramin\u00e9es et boutures de l\u00e9gumes<\/p><\/div>\n<div id=\"attachment_5292\" style=\"width: 374px\" class=\"wp-caption alignleft\"><img loading=\"lazy\" decoding=\"async\" aria-describedby=\"caption-attachment-5292\" class=\"wp-image-5292\" src=\"https:\/\/remotetraining.lifeworks.global\/wp-content\/uploads\/2023\/12\/Dry-material.jpeg\" alt=\"\" width=\"364\" height=\"305\" \/><p id=\"caption-attachment-5292\" class=\"wp-caption-text\">Mati\u00e8re s\u00e8che (50%) telle que herbes s\u00e8ches et r\u00e9sidus de r\u00e9colte secs<\/p><\/div>\n<p><div id=\"attachment_5291\" style=\"width: 374px\" class=\"wp-caption alignleft\"><img loading=\"lazy\" decoding=\"async\" aria-describedby=\"caption-attachment-5291\" class=\"wp-image-5291\" src=\"https:\/\/remotetraining.lifeworks.global\/wp-content\/uploads\/2023\/12\/Cow-dung.png\" alt=\"\" width=\"364\" height=\"297\" \/><p id=\"caption-attachment-5291\" class=\"wp-caption-text\">Boussier d&#039;animaux pour chaque couche de compost (recommand\u00e9). En option, vous pouvez ajouter un seau d&#039;urine de vache ou un seau de cendres de feu refroidies.<\/p><\/div>[\/et_pb_text][\/et_pb_column][\/et_pb_row][\/et_pb_section][et_pb_section fb_built=\u201d1\u2033 _builder_version=\u201d4.14.7\u2033 _module_preset=\u201dpar d\u00e9faut\u201d global_colors_info=\u201d{}\u201d][et_pb_row column_structure=\u201d1_2,1_2\u2033 module_class=\u201dblock\u201d _builder_version=\u201d4.14.7\u2033 _module_preset=\u201dpar d\u00e9faut\u201d global_colors_info=\u201d{}\u201d][et_pb_column type=\u201d1_2\u2033 _builder_version=\u201d4.14.7\u2033 _module_preset=\u201dpar d\u00e9faut\u201d global_colors_info=\u201d{}\u201d][et_pb_button button_url=\u201dhttps:\/\/remotetraining.lifeworks.global\/compost-1-preparation\/\u201d button_text=\u201dRetour\u201d _builder_version=\u201d4.14.7\u2033 _module_preset=\u201d3ffee87b-a732-4d5b-8b60-137d4760d306\u2033 global_colors_info=\u201d{}\u201d][\/et_pb_button][\/et_pb_column][et_pb_column type=\u201d1_2\u2033 _builder_version=\u201d4.14.7\u2033 _module_preset=\u201ddefault\u201d global_colors_info=\u201d{}\u201d][et_pb_button button_url=\u201dhttps:\/\/remotetraining.lifeworks.global\/compost-3-how-to-make-it\/\u201d button_text=\u201dSuivant\u201d button_alignment=\u201ddroite\u201d module_class=\u201dblock\u201d _builder_version=\u201d4.14.7\u2033 _module_preset=\u201ddefault\u201d global_colors_info=\u201d{}\u201d][\/et_pb_button][\/et_pb_column][\/et_pb_row][\/et_pb_section]<\/p>","protected":false},"excerpt":{"rendered":"<p>Formation \u00e0 distance mondiale LifeworksVous aurez besoin de ces mat\u00e9riaux pour fabriquer votre compost. Vous aurez besoin de ces ingr\u00e9dients pour fabriquer votre compost.<\/p>","protected":false},"author":1,"featured_media":0,"parent":0,"menu_order":0,"comment_status":"closed","ping_status":"closed","template":"","meta":{"_et_pb_use_builder":"on","_et_pb_old_content":"","_et_gb_content_width":"","footnotes":""},"_links":{"self":[{"href":"https:\/\/remotetraining.lifeworks.global\/fr\/wp-json\/wp\/v2\/pages\/3615"}],"collection":[{"href":"https:\/\/remotetraining.lifeworks.global\/fr\/wp-json\/wp\/v2\/pages"}],"about":[{"href":"https:\/\/remotetraining.lifeworks.global\/fr\/wp-json\/wp\/v2\/types\/page"}],"author":[{"embeddable":true,"href":"https:\/\/remotetraining.lifeworks.global\/fr\/wp-json\/wp\/v2\/users\/1"}],"replies":[{"embeddable":true,"href":"https:\/\/remotetraining.lifeworks.global\/fr\/wp-json\/wp\/v2\/comments?post=3615"}],"version-history":[{"count":43,"href":"https:\/\/remotetraining.lifeworks.global\/fr\/wp-json\/wp\/v2\/pages\/3615\/revisions"}],"predecessor-version":[{"id":5320,"href":"https:\/\/remotetraining.lifeworks.global\/fr\/wp-json\/wp\/v2\/pages\/3615\/revisions\/5320"}],"wp:attachment":[{"href":"https:\/\/remotetraining.lifeworks.global\/fr\/wp-json\/wp\/v2\/media?parent=3615"}],"curies":[{"name":"wp","href":"https:\/\/api.w.org\/{rel}","templated":true}]}}