{"id":4791,"date":"2023-11-27T10:58:47","date_gmt":"2023-11-27T10:58:47","guid":{"rendered":"https:\/\/lifeworks.global\/?page_id=4791"},"modified":"2024-01-05T14:47:31","modified_gmt":"2024-01-05T14:47:31","slug":"downloading-to-your-mobile-device","status":"publish","type":"page","link":"https:\/\/remotetraining.lifeworks.global\/fr\/downloading-to-your-mobile-device\/","title":{"rendered":"T\u00e9l\u00e9chargement sur votre appareil"},"content":{"rendered":"<p>[et_pb_section fb_built=\u201d1\u2033 _builder_version=\u201d4.14.7\u2033 _module_preset=\u201ddefault\u201d background_color=\u201d#f8f7f5\u2033 custom_padding=\u201d0px||0px|||\u201d global_colors_info=\u201d{}\u201d][et_pb_row _builder_version=\u201d4.14.7\u2033 _module_preset=\u201dpar d\u00e9faut\u201d width=\u201d90vw\u201d max_width=\u201d2560px\u201d min_height=\u201d100px\u201d custom_padding=\u201d45px||0px||false|false\u201d global_colors_info=\u201d{}\u201d][et_pb_column type=\u201d4_4\u2033 _builder_version=\u201d4.8.0\u2033 _module_preset=\u201dpar d\u00e9faut\u201d global_colors_info=\u201d{}\u201d][et_pb_text _builder_version=\u201d4.14.7\u2033 _module_preset=\u201dpar d\u00e9faut\u201d global_colors_info=\u201d{}\u201d]<\/p>\n<h4 style=\"text-align: right;\"><strong>Formation \u00e0 distance de Lifeworks Global<\/strong><\/h4>\n<p>[\/et_pb_text][et_pb_text _builder_version=\u201d4.14.7\u2033 _module_preset=\u201ddefault\u201d global_colors_info=\u201d{}\u201d]<\/p>\n<h2><strong>Comment trouver vos t\u00e9l\u00e9chargements<\/strong><\/h2>\n<p>[\/et_pb_text][\/et_pb_column][\/et_pb_row][et_pb_row disabled_on=\u201don|on|off\u201d _builder_version=\u201d4.14.7\u2033 _module_preset=\u201ddefault\u201d global_colors_info=\u201d{}\u201d][et_pb_column type=\u201d4_4\u2033 _builder_version=\u201d4.14.7\u2033 _module_preset=\u201ddefault\u201d global_colors_info=\u201d{}\u201d][et_pb_text _builder_version=\u201d4.14.7\u2033 _module_preset=\u201ddefault\u201d global_colors_info=\u201d{}\u201d]<\/p>\n<h2>Voici comment retrouver vos t\u00e9l\u00e9chargements sur votre <strong>ordinateur<\/strong><\/h2>\n<ol>\n<li>Recherchez dans le coin sup\u00e9rieur droit de votre navigateur le <strong>T\u00e9l\u00e9chargements<\/strong> bouton<img decoding=\"async\" class=\"wp-image-5355 aligncenter size-full\" src=\"https:\/\/remotetraining.lifeworks.global\/wp-content\/uploads\/2023\/12\/Download-button.png\" alt=\"\" width=\"84\" height=\"80\" srcset=\"https:\/\/remotetraining.lifeworks.global\/wp-content\/uploads\/2023\/12\/Download-button.png 84w, https:\/\/remotetraining.lifeworks.global\/wp-content\/uploads\/2023\/12\/Download-button-13x12.png 13w\" sizes=\"(max-width: 84px) 100vw, 84px\" \/><\/li>\n<li>Clique le <strong>T\u00e9l\u00e9chargements <\/strong>bouton pour r\u00e9v\u00e9ler une liste des fichiers r\u00e9cemment t\u00e9l\u00e9charg\u00e9s.<img fetchpriority=\"high\" decoding=\"async\" class=\"aligncenter wp-image-5359\" src=\"https:\/\/remotetraining.lifeworks.global\/wp-content\/uploads\/2024\/01\/Downloads-French.png\" alt=\"\" width=\"350\" height=\"590\" \/><\/li>\n<li>Cliquer sur <strong>Afficher tous les t\u00e9l\u00e9chargements<\/strong> pour voir une liste compl\u00e8te des fichiers t\u00e9l\u00e9charg\u00e9s<\/li>\n<\/ol>\n<p>&nbsp;<\/p>\n<p>[\/et_pb_text][\/et_pb_column][\/et_pb_row][et_pb_row disabled_on=\u201doff|off|off\u201d _builder_version=\u201d4.14.7\u2033 _module_preset=\u201ddefault\u201d global_colors_info=\u201d{}\u201d][et_pb_column type=\u201d4_4\u2033 _builder_version=\u201d4.14.7\u2033 _module_preset=\u201ddefault\u201d global_colors_info=\u201d{}\u201d][et_pb_text _builder_version=\u201d4.14.7\u2033 _module_preset=\u201ddefault\u201d global_colors_info=\u201d{}\u201d]<\/p>\n<h3>Choisi ton <strong>appareil mobile<\/strong> tapez pour voir les instructions pour trouver votre dossier de t\u00e9l\u00e9chargements<\/h3>\n<p>[\/et_pb_text][et_pb_toggle title=\u201dAppareils Android (Samsung etc.)\u201d _builder_version=\u201d4.14.7\u2033 _module_preset=\u201ddefault\u201d hover_enabled=\u201d0\u2033 global_colors_info=\u201d{}\u201d sticky_enabled=\u201d0\u2033]<\/p>\n<h3>1. Faites glisser votre doigt vers le haut et appuyez sur la barre de recherche en haut de l&#039;\u00e9cran.<\/h3>\n<p><img decoding=\"async\" class=\"aligncenter wp-image-5357\" src=\"https:\/\/remotetraining.lifeworks.global\/wp-content\/uploads\/2023\/12\/Tap-on-search-bar.png\" alt=\"\" width=\"500\" height=\"298\" \/><\/p>\n<p>&nbsp;<\/p>\n<h3>2. Entrez \u00ab Mes fichiers \u00bb et l&#039;application Mes fichiers s&#039;affichera<\/h3>\n<p><img loading=\"lazy\" decoding=\"async\" class=\"aligncenter wp-image-5358\" src=\"https:\/\/remotetraining.lifeworks.global\/wp-content\/uploads\/2023\/12\/finding-my-files.png\" alt=\"\" width=\"500\" height=\"361\" \/><\/p>\n<h3>\u00a0<\/h3>\n<h3>3. Appuyez sur T\u00e9l\u00e9chargements pour voir vos \u00e9l\u00e9ments t\u00e9l\u00e9charg\u00e9s<\/h3>\n<p><img loading=\"lazy\" decoding=\"async\" class=\"aligncenter wp-image-5592\" src=\"https:\/\/remotetraining.lifeworks.global\/wp-content\/uploads\/2024\/01\/Tap-on-Downloads-1024x840.png\" alt=\"\" width=\"500\" height=\"410\" \/><\/p>\n<p>[\/et_pb_toggle][et_pb_toggle title=\u201diPhone \/ iPad\u201d _builder_version=\u201d4.14.7\u2033 _module_preset=\u201ddefault\u201d global_colors_info=\u201d{}\u201d]<\/p>\n<p>1. \u00c0 c\u00f4t\u00e9 du champ de recherche dans Safari, appuyez sur le bouton Param\u00e8tres de la page. <img loading=\"lazy\" decoding=\"async\" class=\"alignnone wp-image-5573\" src=\"https:\/\/remotetraining.lifeworks.global\/wp-content\/uploads\/2024\/01\/Capture-decran-2024-01-05-a-14.30.09.png\" alt=\"\" width=\"50\" height=\"40\" srcset=\"https:\/\/remotetraining.lifeworks.global\/wp-content\/uploads\/2024\/01\/Capture-decran-2024-01-05-a-14.30.09.png 94w, https:\/\/remotetraining.lifeworks.global\/wp-content\/uploads\/2024\/01\/Capture-decran-2024-01-05-a-14.30.09-15x12.png 15w\" sizes=\"(max-width: 50px) 100vw, 50px\" \/><\/p>\n<p>2. Appuyez sur le bouton T\u00e9l\u00e9chargements <img loading=\"lazy\" decoding=\"async\" class=\"alignnone wp-image-5574\" src=\"https:\/\/remotetraining.lifeworks.global\/wp-content\/uploads\/2024\/01\/Capture-decran-2024-01-05-a-14.32.53.png\" alt=\"\" width=\"50\" height=\"47\" srcset=\"https:\/\/remotetraining.lifeworks.global\/wp-content\/uploads\/2024\/01\/Capture-decran-2024-01-05-a-14.32.53.png 66w, https:\/\/remotetraining.lifeworks.global\/wp-content\/uploads\/2024\/01\/Capture-decran-2024-01-05-a-14.32.53-13x12.png 13w\" sizes=\"(max-width: 50px) 100vw, 50px\" \/><\/p>\n<p><img loading=\"lazy\" decoding=\"async\" class=\"aligncenter wp-image-5575\" src=\"https:\/\/remotetraining.lifeworks.global\/wp-content\/uploads\/2024\/01\/iphone-downloads-menu.png\" alt=\"\" width=\"400\" height=\"354\" \/><\/p>\n<p>[\/et_pb_toggle][\/et_pb_column][\/et_pb_row][\/et_pb_section][et_pb_section fb_built=\u201d1\u2033 _builder_version=\u201d4.14.7\u2033 _module_preset=\u201ddefault\u201d global_colors_info=\u201d{}\u201d][et_pb_row column_structure=\u201d1_3,1_3,1_3\u2033 module_class=\u201dLineButtons\u201d _builder_version=\u201d4.14.7\u2033 _module_preset=\u201ddefault\u201d global_colors_info=\u201d{}\u201d][et_pb_column type=\u201d1_3\u2033 _builder_version=\u201d4.14.7\u2033 _module_preset=\u201ddefault\u201d global_colors_info=\u201d{}\u201d][et_pb_button button_url=\u201dhttps:\/\/remotetraining.lifeworks.global\/compost-ingredients\/\u201d button_text=\u201dRetour\u201d _builder_version=\u201d4.14.7\u2033 _module_preset=\u201d3ffee87b-a732-4d5b-8b60-137d4760d306\u2033 global_colors_info=\u201d{}\u201d][\/et_pb_button][\/et_pb_column][et_pb_column type=\u201d1_3\u2033 _builder_version=\u201d4.14.7\u2033 _module_preset=\u201ddefault\u201d global_colors_info=\u201d{}\u201d][\/et_pb_column][et_pb_column type=\u201d1_3\u2033 _builder_version=\u201d4.14.7\u2033 _module_preset=\u201ddefault\u201d global_colors_info=\u201d{}\u201d][et_pb_button button_url=\u201dhttps:\/\/remotetraining.lifeworks.global\/download-the-training-videos\/\u201d button_text=\u201dSuivant\u201d button_alignment=\u201ddroite\u201d module_class=\u201dbloc\u201d _builder_version=\u201d4.14.7\u2033 _module_preset=\u201dpar d\u00e9faut\u201d global_colors_info=\u201d{}\u201d][\/et_pb_button][\/et_pb_column][\/et_pb_row][\/et_pb_section]<\/p>","protected":false},"excerpt":{"rendered":"<p>Formation \u00e0 distance mondiale Lifeworks\u00a0: Comment trouver vos t\u00e9l\u00e9chargements\u00a0? Voici comment trouver vos t\u00e9l\u00e9chargements sur votre ordinateur. Recherchez le bouton \u00ab\u00a0T\u00e9l\u00e9chargements\u00a0\u00bb en haut \u00e0 droite de votre navigateur. Cliquez sur ce bouton pour afficher la liste des fichiers r\u00e9cemment t\u00e9l\u00e9charg\u00e9s. Cliquez sur \u00ab\u00a0Afficher tous les t\u00e9l\u00e9chargements\u00a0\u00bb pour afficher la liste compl\u00e8te des fichiers t\u00e9l\u00e9charg\u00e9s. Choisissez [\u2026]<\/p>","protected":false},"author":1,"featured_media":0,"parent":0,"menu_order":0,"comment_status":"closed","ping_status":"closed","template":"","meta":{"_et_pb_use_builder":"on","_et_pb_old_content":"","_et_gb_content_width":"","footnotes":""},"_links":{"self":[{"href":"https:\/\/remotetraining.lifeworks.global\/fr\/wp-json\/wp\/v2\/pages\/4791"}],"collection":[{"href":"https:\/\/remotetraining.lifeworks.global\/fr\/wp-json\/wp\/v2\/pages"}],"about":[{"href":"https:\/\/remotetraining.lifeworks.global\/fr\/wp-json\/wp\/v2\/types\/page"}],"author":[{"embeddable":true,"href":"https:\/\/remotetraining.lifeworks.global\/fr\/wp-json\/wp\/v2\/users\/1"}],"replies":[{"embeddable":true,"href":"https:\/\/remotetraining.lifeworks.global\/fr\/wp-json\/wp\/v2\/comments?post=4791"}],"version-history":[{"count":58,"href":"https:\/\/remotetraining.lifeworks.global\/fr\/wp-json\/wp\/v2\/pages\/4791\/revisions"}],"predecessor-version":[{"id":5595,"href":"https:\/\/remotetraining.lifeworks.global\/fr\/wp-json\/wp\/v2\/pages\/4791\/revisions\/5595"}],"wp:attachment":[{"href":"https:\/\/remotetraining.lifeworks.global\/fr\/wp-json\/wp\/v2\/media?parent=4791"}],"curies":[{"name":"wp","href":"https:\/\/api.w.org\/{rel}","templated":true}]}}