{"id":5600,"date":"2024-01-09T16:32:31","date_gmt":"2024-01-09T16:32:31","guid":{"rendered":"https:\/\/remotetraining.lifeworks.global\/?page_id=5600"},"modified":"2024-01-09T23:24:19","modified_gmt":"2024-01-09T23:24:19","slug":"improve-germination-by-soaking-seeds-in-diluted-bio-fertiliser","status":"publish","type":"page","link":"https:\/\/remotetraining.lifeworks.global\/fr\/improve-germination-by-soaking-seeds-in-diluted-bio-fertiliser\/","title":{"rendered":"Am\u00e9liorez la germination en trempant les graines dans un bio-engrais dilu\u00e9"},"content":{"rendered":"<p>[et_pb_section fb_built=\u201d1\u2033 module_class=\u201dtraining-section\u201d _builder_version=\u201d4.14.7\u2033 _module_preset=\u201ddefault\u201d background_color=\u201d#f8f7f5\u2033 custom_padding=\u201d0px||0px|||\u201d global_colors_info=\u201d{}\u201d][et_pb_row _builder_version=\u201d4.14.7\u2033 _module_preset=\u201ddefault\u201d width=\u201d90vw\u201d max_width=\u201d2560px\u201d min_height=\u201d100px\u201d custom_padding=\u201d45px||0px||false|false\u201d global_colors_info =\u201d{}\u201d][et_pb_column type=\u201d4_4\u2033 _builder_version=\u201d4.8.0\u2033 _module_preset=\u201ddefault\u201d global_colors_info=\u201d{}\u201d][et_pb_text module_class=\u201dtraining-branding\u201d _builder_version=\u201d4.14.7\u2033 _module_preset= &quot;par d\u00e9faut&quot; global_colors_info = &quot;{}&quot;]<\/p>\n<h4 style=\"text-align: right;\"><strong>Formation \u00e0 distance de Lifeworks Global<\/strong><\/h4>\n<p>[\/et_pb_text][et_pb_text _builder_version=\u201d4.14.7\u2033 _module_preset=\u201ddefault\u201d custom_padding=\u201d||0px|||\u201d global_colors_info=\u201d{}\u201d]<\/p>\n<h1>Augmentez la germination des graines en utilisant un liquide microbien<\/h1>\n<p>[\/et_pb_text][\/et_pb_column][\/et_pb_row][et_pb_row column_structure=\u201d1_2,1_2\u2033 _builder_version=\u201d4.14.7\u2033 _module_preset=\u201ddefault\u201d global_colors_info=\u201d{}\u201d][et_pb_column type=\u201d1_2\u2033 _builder_version=\u201d4.14.7\u2033 _module_preset=\u201ddefault\u201d global_colors_info=\u201d{}\u201d][et_pb_text _builder_version=\u201d4.14.7\u2033 _module_preset=\u201ddefault\u201d custom_padding=\u201d||0px|||\u201d global_colors_info=\u201d{}\u201d]<\/p>\n<h2>Faire tremper les graines dans un liquide microbien pendant 12 heures maximum pour augmenter la germination des graines de 40%<\/h2>\n<p>[\/et_pb_text][\/et_pb_column][et_pb_column type=\u201d1_2\u2033 _builder_version=\u201d4.14.7\u2033 _module_preset=\u201ddefault\u201d global_colors_info=\u201d{}\u201d][et_pb_image src=\u201dhttps:\/\/remotetraining.lifeworks.global\/wp-content\/uploads\/2024\/01\/Increase-germination-by-microbial-soak.jpg\u201d title_text=\u201dAugmenter la germination par trempage microbien\u201d align=\u201dcenter\u201d _builder_version=\u201d4.14.7\u2033 _module_preset=\u201ddefault\u201d max_height=\u201d447px\u201d hover_enabled=\u201d0\u2033 global_colors_info=\u201d{}\u201d sticky_enabled=\u201d0\u2033][\/et_pb_image][\/et_pb_column][\/et_pb_row][\/et_pb_section][et_pb_section fb_built=\u201d1\u2033 _builder_version=\u201d4.14.7\u2033 _module_preset=\u201ddefault\u201d global_colors_info=\u201d{}\u201d][et_pb_row column_structure=\u201d1_3,1_3,1_3\u2033 module_class=\u201dLineButtons\u201d _builder_version=\u201d4.14.7\u2033 _module_preset=\u201ddefault\u201d global_colors_info=\u201d{}\u201d][et_pb_column type=\u201d1_3\u2033 _builder_version=\u201d4.14.7\u2033 _module_preset=\u201ddefault\u201d global_colors_info=\u201d{}\u201d][et_pb_button button_url=\u201dhttps:\/\/remotetraining.lifeworks.global\/milk-1-preparation\/\u201d button_text=\u201dRetour\u201d _builder_version=\u201d4.14.7\u2033 _module_preset=\u201d3ffee87b-a732-4d5b-8b60-137d4760d306\u2033 global_colors_info=\u201d{}\u201d][\/et_pb_button][\/et_pb_column][et_pb_column type=\u201d1_3\u2033 _builder_version=\u201d4.14.7\u2033 _module_preset=\u201ddefault\u201d global_colors_info=\u201d{}\u201d][\/et_pb_column][et_pb_column type=\u201d1_3\u2033 _builder_version=\u201d4.14.7\u2033 _module_preset=\u201ddefault\u201d global_colors_info=\u201d{}\u201d][et_pb_button button_url=\u201dhttps:\/\/remotetraining.lifeworks.global\/compost-6-using-it\/\u201d button_text=\u201dSuivant\u201d button_alignment=\u201dright\u201d module_class=\u201dblock\u201d _builder_version=\u201d4.14.7\u2033 _module_preset=\u201ddefault\u201d global_colors_info=\u201d{}\u201d][\/et_pb_button][\/et_pb_column][\/et_pb_row][\/et_pb_section]<\/p>","protected":false},"excerpt":{"rendered":"<p>Formation \u00e0 distance mondiale LifeworksAugmentez la germination des graines \u00e0 l&#039;aide d&#039;un liquide microbienFaites tremper les graines dans un liquide microbien jusqu&#039;\u00e0 12 heures pour augmenter la germination des graines de 40%<\/p>","protected":false},"author":1,"featured_media":0,"parent":0,"menu_order":0,"comment_status":"closed","ping_status":"closed","template":"","meta":{"_et_pb_use_builder":"on","_et_pb_old_content":"","_et_gb_content_width":"","footnotes":""},"_links":{"self":[{"href":"https:\/\/remotetraining.lifeworks.global\/fr\/wp-json\/wp\/v2\/pages\/5600"}],"collection":[{"href":"https:\/\/remotetraining.lifeworks.global\/fr\/wp-json\/wp\/v2\/pages"}],"about":[{"href":"https:\/\/remotetraining.lifeworks.global\/fr\/wp-json\/wp\/v2\/types\/page"}],"author":[{"embeddable":true,"href":"https:\/\/remotetraining.lifeworks.global\/fr\/wp-json\/wp\/v2\/users\/1"}],"replies":[{"embeddable":true,"href":"https:\/\/remotetraining.lifeworks.global\/fr\/wp-json\/wp\/v2\/comments?post=5600"}],"version-history":[{"count":13,"href":"https:\/\/remotetraining.lifeworks.global\/fr\/wp-json\/wp\/v2\/pages\/5600\/revisions"}],"predecessor-version":[{"id":5629,"href":"https:\/\/remotetraining.lifeworks.global\/fr\/wp-json\/wp\/v2\/pages\/5600\/revisions\/5629"}],"wp:attachment":[{"href":"https:\/\/remotetraining.lifeworks.global\/fr\/wp-json\/wp\/v2\/media?parent=5600"}],"curies":[{"name":"wp","href":"https:\/\/api.w.org\/{rel}","templated":true}]}}